{"id":3059,"date":"2025-10-31T11:26:12","date_gmt":"2025-10-31T10:26:12","guid":{"rendered":"https:\/\/www-pit-de-dev.wpms.raum15.at\/?page_id=3059"},"modified":"2025-11-24T15:59:31","modified_gmt":"2025-11-24T14:59:31","slug":"ausfuehrende-unternehmen","status":"publish","type":"page","link":"https:\/\/pit.de\/en\/planen-bauen\/ausfuehrende-unternehmen\/","title":{"rendered":"Executing companies"},"content":{"rendered":"<div data-elementor-type=\"wp-page\" data-elementor-id=\"3059\" class=\"elementor elementor-3059\" data-elementor-post-type=\"page\">\n\t\t\t\t<div class=\"elementor-element elementor-element-1e452ae e-con-full e-flex e-con e-parent\" data-id=\"1e452ae\" data-element_type=\"container\" data-e-type=\"container\" data-settings=\"{&quot;background_background&quot;:&quot;classic&quot;}\">\n\t\t<div class=\"elementor-element elementor-element-543491c animated-slow e-flex e-con-boxed elementor-invisible e-con e-child\" data-id=\"543491c\" data-element_type=\"container\" data-e-type=\"container\" data-settings=\"{&quot;animation&quot;:&quot;fadeIn&quot;,&quot;animation_delay&quot;:600}\">\n\t\t\t\t\t<div class=\"e-con-inner\">\n\t\t\t\t<div class=\"elementor-element elementor-element-f994e60 elementor-widget elementor-widget-heading\" data-id=\"f994e60\" data-element_type=\"widget\" data-e-type=\"widget\" data-widget_type=\"heading.default\">\n\t\t\t\t\t<span class=\"elementor-heading-title elementor-size-default\">From planning to implementation<\/span>\t\t\t\t<\/div>\n\t\t\t\t<div class=\"elementor-element elementor-element-96731c7 elementor-widget elementor-widget-heading\" data-id=\"96731c7\" data-element_type=\"widget\" data-e-type=\"widget\" data-widget_type=\"heading.default\">\n\t\t\t\t\t<h1 class=\"elementor-heading-title elementor-size-default\">Executing companies<\/h1>\t\t\t\t<\/div>\n\t\t\t\t\t<\/div>\n\t\t\t\t<\/div>\n\t\t\t\t<\/div>\n\t\t<div class=\"elementor-element elementor-element-e85e2a1 e-con-full textilien-container e-flex e-con e-parent\" data-id=\"e85e2a1\" data-element_type=\"container\" data-e-type=\"container\" id=\"AusfuehrendeFirmen\" data-settings=\"{&quot;background_background&quot;:&quot;classic&quot;}\">\n\t\t<div class=\"elementor-element elementor-element-aeb6872 e-flex e-con-boxed e-con e-child\" data-id=\"aeb6872\" data-element_type=\"container\" data-e-type=\"container\">\n\t\t\t\t\t<div class=\"e-con-inner\">\n\t\t\t\t<div class=\"elementor-element elementor-element-06f6bc8 elementor-widget__width-initial elementor-invisible elementor-widget elementor-widget-text-editor\" data-id=\"06f6bc8\" data-element_type=\"widget\" data-e-type=\"widget\" data-settings=\"{&quot;_animation&quot;:&quot;fadeIn&quot;}\" data-widget_type=\"text-editor.default\">\n\t\t\t\t\t\t\t\t\tAs an executing company, you bring digital planning to the construction site. Your daily work is characterized by time pressure, coordination efforts and quality requirements, while at the same time you have to provide evidence, test reports and documentation. In modern construction projects, planning is increasingly model-based - and this also increases the demands on the companies carrying out the work. Site managers and fitters must be able to understand, check and apply planning data.\nChanges on the construction site must flow back into the digital planning quickly and correctly.\nVerifications and test reports are an integral part of quality assurance and must be digitally traceable. To meet these requirements, we offer you a digital toolbox that combines planning, calculation and execution. This makes construction processes more efficient, changes are recorded directly in the model and results are transparent and traceable.<\/p>\t\t\t\t\t\t\t\t<\/div>\n\t\t\t\t\t<\/div>\n\t\t\t\t<\/div>\n\t\t\t\t<\/div>\n\t\t<div class=\"elementor-element elementor-element-64f83ca e-flex e-con-boxed e-con e-parent\" data-id=\"64f83ca\" data-element_type=\"container\" data-e-type=\"container\" data-settings=\"{&quot;background_background&quot;:&quot;classic&quot;}\">\n\t\t\t\t\t<div class=\"e-con-inner\">\n\t\t<div class=\"elementor-element elementor-element-ac7ba62 e-con-full e-flex e-con e-child\" data-id=\"ac7ba62\" data-element_type=\"container\" data-e-type=\"container\" data-settings=\"{&quot;background_background&quot;:&quot;classic&quot;}\">\n\t\t<div class=\"elementor-element elementor-element-9da5e02 e-con-full e-flex e-con e-child\" data-id=\"9da5e02\" data-element_type=\"container\" data-e-type=\"container\" data-settings=\"{&quot;background_background&quot;:&quot;classic&quot;}\">\n\t\t<div class=\"elementor-element elementor-element-72942c8 e-con-full e-flex e-con e-child\" data-id=\"72942c8\" data-element_type=\"container\" data-e-type=\"container\" data-settings=\"{&quot;background_background&quot;:&quot;classic&quot;}\">\n\t\t<div class=\"elementor-element elementor-element-a8c4ce8 e-con-full e-flex e-con e-child\" data-id=\"a8c4ce8\" data-element_type=\"container\" data-e-type=\"container\">\n\t\t\t\t<div class=\"elementor-element elementor-element-2185d3f elementor-invisible elementor-widget elementor-widget-heading\" data-id=\"2185d3f\" data-element_type=\"widget\" data-e-type=\"widget\" data-settings=\"{&quot;_animation&quot;:&quot;fadeIn&quot;}\" data-widget_type=\"heading.default\">\n\t\t\t\t\t<h3 class=\"elementor-heading-title elementor-size-default\">pitCAD <span style=\"color:#0A0A0A\">ULTIMATE\/CLASSIC<\/span><\/h3>\t\t\t\t<\/div>\n\t\t\t\t<div class=\"elementor-element elementor-element-e3ea7ed elementor-invisible elementor-widget elementor-widget-heading\" data-id=\"e3ea7ed\" data-element_type=\"widget\" data-e-type=\"widget\" data-settings=\"{&quot;_animation&quot;:&quot;fadeIn&quot;}\" data-widget_type=\"heading.default\">\n\t\t\t\t\t<h3 class=\"elementor-heading-title elementor-size-default\">Digital support for precise execution<\/h3>\t\t\t\t<\/div>\n\t\t\t\t<\/div>\n\t\t<div class=\"elementor-element elementor-element-7979b37 e-con-full e-flex elementor-invisible e-con e-child\" data-id=\"7979b37\" data-element_type=\"container\" data-e-type=\"container\" data-settings=\"{&quot;animation&quot;:&quot;fadeIn&quot;}\">\n\t\t\t\t<div class=\"elementor-element elementor-element-641c53f elementor-widget__width-initial elementor-invisible elementor-widget elementor-widget-text-editor\" data-id=\"641c53f\" data-element_type=\"widget\" data-e-type=\"widget\" data-settings=\"{&quot;_animation&quot;:&quot;fadeIn&quot;}\" data-widget_type=\"text-editor.default\">\n\t\t\t\t\t\t\t\t\t<p>With pitCAD Ultimate, you as the contractor receive a practice-oriented solution for using planning information on the construction site in an understandable, interactive and practical way. The software maps the digital twin of the technical building systems and enables exact traceability of the planning. Thanks to the connection to calculation software solutions such as SOLAR-COMPUTER or pitFM, technical verifications can be derived directly from the model without the need for time-consuming recalculations. Changes that occur during execution can be documented directly in the model and sent back to the planning team.<\/p>\t\t\t\t\t\t\t\t<\/div>\n\t\t\t\t<div class=\"elementor-element elementor-element-03a5c03 button-hover-effect elementor-widget elementor-widget-button\" data-id=\"03a5c03\" data-element_type=\"widget\" data-e-type=\"widget\" data-widget_type=\"button.default\">\n\t\t\t\t\t\t\t\t\t\t<a class=\"elementor-button elementor-button-link elementor-size-sm\" href=\"https:\/\/pit.de\/en\/pitcad-ultimate-classic\/\">\n\t\t\t\t\t\t<span class=\"elementor-button-content-wrapper\">\n\t\t\t\t\t\t\t\t\t<span class=\"elementor-button-text\">LEARN MORE<\/span>\n\t\t\t\t\t<\/span>\n\t\t\t\t\t<\/a>\n\t\t\t\t\t\t\t\t<\/div>\n\t\t\t\t<\/div>\n\t\t\t\t<\/div>\n\t\t\t\t<\/div>\n\t\t<div class=\"elementor-element elementor-element-74be622 e-con-full e-flex e-con e-child\" data-id=\"74be622\" data-element_type=\"container\" data-e-type=\"container\" data-settings=\"{&quot;background_background&quot;:&quot;classic&quot;}\">\n\t\t\t\t<div class=\"elementor-element elementor-element-eea89b3 elementor-widget elementor-widget-image\" data-id=\"eea89b3\" data-element_type=\"widget\" data-e-type=\"widget\" data-widget_type=\"image.default\">\n\t\t\t\t\t\t\t\t\t\t\t\t\t\t\t<img fetchpriority=\"high\" decoding=\"async\" width=\"800\" height=\"583\" src=\"https:\/\/pit.de\/wp-content\/uploads\/sites\/58\/2025\/10\/pitCAD-Ultimate-Mockup.webp\" class=\"attachment-large size-large wp-image-2688\" alt=\"\" srcset=\"https:\/\/pit.de\/wp-content\/uploads\/sites\/58\/2025\/10\/pitCAD-Ultimate-Mockup.webp 907w, https:\/\/pit.de\/wp-content\/uploads\/sites\/58\/2025\/10\/pitCAD-Ultimate-Mockup-300x219.webp 300w, https:\/\/pit.de\/wp-content\/uploads\/sites\/58\/2025\/10\/pitCAD-Ultimate-Mockup-768x560.webp 768w\" sizes=\"(max-width: 800px) 100vw, 800px\" title=\"\">\t\t\t\t\t\t\t\t\t\t\t\t\t\t\t<\/div>\n\t\t\t\t<\/div>\n\t\t\t\t<\/div>\n\t\t<div class=\"elementor-element elementor-element-c98b6ea e-con-full e-flex e-con e-child\" data-id=\"c98b6ea\" data-element_type=\"container\" data-e-type=\"container\" data-settings=\"{&quot;background_background&quot;:&quot;classic&quot;}\">\n\t\t<div class=\"elementor-element elementor-element-326c1e2 e-con-full e-flex e-con e-child\" data-id=\"326c1e2\" data-element_type=\"container\" data-e-type=\"container\" data-settings=\"{&quot;background_background&quot;:&quot;classic&quot;}\">\n\t\t\t\t<div class=\"elementor-element elementor-element-b8d5b08 elementor-widget elementor-widget-image\" data-id=\"b8d5b08\" data-element_type=\"widget\" data-e-type=\"widget\" data-widget_type=\"image.default\">\n\t\t\t\t\t\t\t\t\t\t\t\t\t\t\t<img decoding=\"async\" width=\"800\" height=\"387\" src=\"https:\/\/pit.de\/wp-content\/uploads\/sites\/58\/2025\/10\/Solar-Computer-pitcad-1024x495.webp\" class=\"attachment-large size-large wp-image-2872\" alt=\"\" srcset=\"https:\/\/pit.de\/wp-content\/uploads\/sites\/58\/2025\/10\/Solar-Computer-pitcad-1024x495.webp 1024w, https:\/\/pit.de\/wp-content\/uploads\/sites\/58\/2025\/10\/Solar-Computer-pitcad-300x145.webp 300w, https:\/\/pit.de\/wp-content\/uploads\/sites\/58\/2025\/10\/Solar-Computer-pitcad-768x371.webp 768w, https:\/\/pit.de\/wp-content\/uploads\/sites\/58\/2025\/10\/Solar-Computer-pitcad-1536x742.webp 1536w, https:\/\/pit.de\/wp-content\/uploads\/sites\/58\/2025\/10\/Solar-Computer-pitcad-2048x990.webp 2048w\" sizes=\"(max-width: 800px) 100vw, 800px\" title=\"\">\t\t\t\t\t\t\t\t\t\t\t\t\t\t\t<\/div>\n\t\t\t\t<\/div>\n\t\t<div class=\"elementor-element elementor-element-5e442fa e-con-full e-flex e-con e-child\" data-id=\"5e442fa\" data-element_type=\"container\" data-e-type=\"container\" data-settings=\"{&quot;background_background&quot;:&quot;classic&quot;}\">\n\t\t<div class=\"elementor-element elementor-element-fac40c3 e-con-full e-flex e-con e-child\" data-id=\"fac40c3\" data-element_type=\"container\" data-e-type=\"container\" data-settings=\"{&quot;background_background&quot;:&quot;classic&quot;}\">\n\t\t<div class=\"elementor-element elementor-element-2e3859b e-con-full e-flex e-con e-child\" data-id=\"2e3859b\" data-element_type=\"container\" data-e-type=\"container\">\n\t\t\t\t<div class=\"elementor-element elementor-element-d2e1cd5 elementor-invisible elementor-widget elementor-widget-heading\" data-id=\"d2e1cd5\" data-element_type=\"widget\" data-e-type=\"widget\" data-settings=\"{&quot;_animation&quot;:&quot;fadeIn&quot;}\" data-widget_type=\"heading.default\">\n\t\t\t\t\t<h3 class=\"elementor-heading-title elementor-size-default\">SOLAR-COMPUTER<\/h3>\t\t\t\t<\/div>\n\t\t\t\t<div class=\"elementor-element elementor-element-e597b63 elementor-invisible elementor-widget elementor-widget-heading\" data-id=\"e597b63\" data-element_type=\"widget\" data-e-type=\"widget\" data-settings=\"{&quot;_animation&quot;:&quot;fadeIn&quot;}\" data-widget_type=\"heading.default\">\n\t\t\t\t\t<h3 class=\"elementor-heading-title elementor-size-default\">Technical verifications can be used directly<\/h3>\t\t\t\t<\/div>\n\t\t\t\t<\/div>\n\t\t<div class=\"elementor-element elementor-element-636a70a e-con-full e-flex elementor-invisible e-con e-child\" data-id=\"636a70a\" data-element_type=\"container\" data-e-type=\"container\" data-settings=\"{&quot;animation&quot;:&quot;fadeIn&quot;}\">\n\t\t\t\t<div class=\"elementor-element elementor-element-82bcb80 elementor-widget__width-initial elementor-invisible elementor-widget elementor-widget-text-editor\" data-id=\"82bcb80\" data-element_type=\"widget\" data-e-type=\"widget\" data-settings=\"{&quot;_animation&quot;:&quot;fadeIn&quot;}\" data-widget_type=\"text-editor.default\">\n\t\t\t\t\t\t\t\t\t<p>As a contractor, you can use SOLAR-COMPUTER to directly reproduce planning calculations on the construction site. Thanks to the connection with our authoring tools (pitCAD Ultimate, Revit), all data is consistent and traceable. Changes on the construction site can be easily checked for plausibility without the need for time-consuming recalculations. This makes planning transparent and traceable.<\/p>\t\t\t\t\t\t\t\t<\/div>\n\t\t\t\t<div class=\"elementor-element elementor-element-e4f6980 button-hover-effect elementor-widget elementor-widget-button\" data-id=\"e4f6980\" data-element_type=\"widget\" data-e-type=\"widget\" data-widget_type=\"button.default\">\n\t\t\t\t\t\t\t\t\t\t<a class=\"elementor-button elementor-button-link elementor-size-sm\" href=\"https:\/\/pit.de\/en\/solar-computer\/\">\n\t\t\t\t\t\t<span class=\"elementor-button-content-wrapper\">\n\t\t\t\t\t\t\t\t\t<span class=\"elementor-button-text\">LEARN MORE<\/span>\n\t\t\t\t\t<\/span>\n\t\t\t\t\t<\/a>\n\t\t\t\t\t\t\t\t<\/div>\n\t\t\t\t<\/div>\n\t\t\t\t<\/div>\n\t\t\t\t<\/div>\n\t\t\t\t<\/div>\n\t\t<div class=\"elementor-element elementor-element-7dcc9a3 e-con-full e-flex e-con e-child\" data-id=\"7dcc9a3\" data-element_type=\"container\" data-e-type=\"container\" data-settings=\"{&quot;background_background&quot;:&quot;classic&quot;}\">\n\t\t<div class=\"elementor-element elementor-element-229a5b7 e-con-full e-flex e-con e-child\" data-id=\"229a5b7\" data-element_type=\"container\" data-e-type=\"container\" data-settings=\"{&quot;background_background&quot;:&quot;classic&quot;}\">\n\t\t<div class=\"elementor-element elementor-element-9aa6418 e-con-full e-flex e-con e-child\" data-id=\"9aa6418\" data-element_type=\"container\" data-e-type=\"container\" data-settings=\"{&quot;background_background&quot;:&quot;classic&quot;}\">\n\t\t<div class=\"elementor-element elementor-element-17f5055 e-con-full e-flex e-con e-child\" data-id=\"17f5055\" data-element_type=\"container\" data-e-type=\"container\">\n\t\t\t\t<div class=\"elementor-element elementor-element-9cbb102 elementor-invisible elementor-widget elementor-widget-heading\" data-id=\"9cbb102\" data-element_type=\"widget\" data-e-type=\"widget\" data-settings=\"{&quot;_animation&quot;:&quot;fadeIn&quot;}\" data-widget_type=\"heading.default\">\n\t\t\t\t\t<h3 class=\"elementor-heading-title elementor-size-default\">Autodesk AEC Collection<\/h3>\t\t\t\t<\/div>\n\t\t\t\t<div class=\"elementor-element elementor-element-9fe11c2 elementor-invisible elementor-widget elementor-widget-heading\" data-id=\"9fe11c2\" data-element_type=\"widget\" data-e-type=\"widget\" data-settings=\"{&quot;_animation&quot;:&quot;fadeIn&quot;}\" data-widget_type=\"heading.default\">\n\t\t\t\t\t<h3 class=\"elementor-heading-title elementor-size-default\">BIM environment for specialist disciplines<\/h3>\t\t\t\t<\/div>\n\t\t\t\t<\/div>\n\t\t<div class=\"elementor-element elementor-element-4892109 e-con-full e-flex elementor-invisible e-con e-child\" data-id=\"4892109\" data-element_type=\"container\" data-e-type=\"container\" data-settings=\"{&quot;animation&quot;:&quot;fadeIn&quot;}\">\n\t\t\t\t<div class=\"elementor-element elementor-element-1eee719 elementor-widget__width-initial elementor-invisible elementor-widget elementor-widget-text-editor\" data-id=\"1eee719\" data-element_type=\"widget\" data-e-type=\"widget\" data-settings=\"{&quot;_animation&quot;:&quot;fadeIn&quot;}\" data-widget_type=\"text-editor.default\">\n\t\t\t\t\t\t\t\t\t<p>With the Autodesk AEC Collection, you as a contractor have access to a standardized BIM platform that seamlessly integrates architectural models, technical systems and calculation data.<br \/>As the leading BIM platform, the Autodesk Architecture, Engineering &amp; Construction Collection (AEC) offers specialist planners the opportunity to network architecture, structural engineering and MEP in a common environment.<br \/>In combination with Revit and SOLAR-COMPUTER, this creates a fully integrated planning process.<\/p>\t\t\t\t\t\t\t\t<\/div>\n\t\t\t\t<div class=\"elementor-element elementor-element-3f86c0d button-hover-effect elementor-widget elementor-widget-button\" data-id=\"3f86c0d\" data-element_type=\"widget\" data-e-type=\"widget\" data-widget_type=\"button.default\">\n\t\t\t\t\t\t\t\t\t\t<a class=\"elementor-button elementor-button-link elementor-size-sm\" href=\"https:\/\/pit.de\/en\/autodesk\/\">\n\t\t\t\t\t\t<span class=\"elementor-button-content-wrapper\">\n\t\t\t\t\t\t\t\t\t<span class=\"elementor-button-text\">LEARN MORE<\/span>\n\t\t\t\t\t<\/span>\n\t\t\t\t\t<\/a>\n\t\t\t\t\t\t\t\t<\/div>\n\t\t\t\t<\/div>\n\t\t\t\t<\/div>\n\t\t\t\t<\/div>\n\t\t<div class=\"elementor-element elementor-element-8a775b5 e-con-full e-flex e-con e-child\" data-id=\"8a775b5\" data-element_type=\"container\" data-e-type=\"container\" data-settings=\"{&quot;background_background&quot;:&quot;classic&quot;}\">\n\t\t\t\t<div class=\"elementor-element elementor-element-4fe9e10 elementor-widget elementor-widget-image\" data-id=\"4fe9e10\" data-element_type=\"widget\" data-e-type=\"widget\" data-widget_type=\"image.default\">\n\t\t\t\t\t\t\t\t\t\t\t\t\t\t\t<img decoding=\"async\" width=\"800\" height=\"594\" src=\"https:\/\/pit.de\/wp-content\/uploads\/sites\/58\/2025\/11\/Autocad-Mockup-1024x760.webp\" class=\"attachment-large size-large wp-image-3459\" alt=\"\" srcset=\"https:\/\/pit.de\/wp-content\/uploads\/sites\/58\/2025\/11\/Autocad-Mockup-1024x760.webp 1024w, https:\/\/pit.de\/wp-content\/uploads\/sites\/58\/2025\/11\/Autocad-Mockup-300x223.webp 300w, https:\/\/pit.de\/wp-content\/uploads\/sites\/58\/2025\/11\/Autocad-Mockup-768x570.webp 768w, https:\/\/pit.de\/wp-content\/uploads\/sites\/58\/2025\/11\/Autocad-Mockup.webp 1500w\" sizes=\"(max-width: 800px) 100vw, 800px\" title=\"\">\t\t\t\t\t\t\t\t\t\t\t\t\t\t\t<\/div>\n\t\t\t\t<\/div>\n\t\t\t\t<\/div>\n\t\t\t\t\t<\/div>\n\t\t\t\t<\/div>\n\t\t<div class=\"elementor-element elementor-element-6084306 e-flex e-con-boxed e-con e-parent\" data-id=\"6084306\" data-element_type=\"container\" data-e-type=\"container\" data-settings=\"{&quot;background_background&quot;:&quot;gradient&quot;}\">\n\t\t\t\t\t<div class=\"e-con-inner\">\n\t\t<div class=\"elementor-element elementor-element-89a3b2c e-flex e-con-boxed e-con e-child\" data-id=\"89a3b2c\" data-element_type=\"container\" data-e-type=\"container\" data-settings=\"{&quot;background_background&quot;:&quot;classic&quot;}\">\n\t\t\t\t\t<div class=\"e-con-inner\">\n\t\t<div class=\"elementor-element elementor-element-94a89cf e-con-full e-flex e-con e-child\" data-id=\"94a89cf\" data-element_type=\"container\" data-e-type=\"container\" data-settings=\"{&quot;background_background&quot;:&quot;classic&quot;}\">\n\t\t<div class=\"elementor-element elementor-element-998b9d0 e-con-full e-flex e-con e-child\" data-id=\"998b9d0\" data-element_type=\"container\" data-e-type=\"container\" data-settings=\"{&quot;background_background&quot;:&quot;classic&quot;,&quot;position&quot;:&quot;absolute&quot;}\">\n\t\t\t\t<div class=\"elementor-element elementor-element-7807f2e elementor-widget elementor-widget-heading\" data-id=\"7807f2e\" data-element_type=\"widget\" data-e-type=\"widget\" data-widget_type=\"heading.default\">\n\t\t\t\t\t<h2 class=\"elementor-heading-title elementor-size-default\">Unanswered questions? <\/h2>\t\t\t\t<\/div>\n\t\t\t\t<div class=\"elementor-element elementor-element-213ea78 elementor-widget__width-inherit elementor-hidden-mobile elementor-widget elementor-widget-heading\" data-id=\"213ea78\" data-element_type=\"widget\" data-e-type=\"widget\" data-widget_type=\"heading.default\">\n\t\t\t\t\t<h2 class=\"elementor-heading-title elementor-size-default\">Let's find out together how pit can support your projects. Make an appointment now. <\/h2>\t\t\t\t<\/div>\n\t\t\t\t<div class=\"elementor-element elementor-element-aff31fe button-hover-effect elementor-align-left elementor-widget elementor-widget-button\" data-id=\"aff31fe\" data-element_type=\"widget\" data-e-type=\"widget\" data-widget_type=\"button.default\">\n\t\t\t\t\t\t\t\t\t\t<a class=\"elementor-button elementor-button-link elementor-size-sm\" href=\"https:\/\/pit.de\/en\/kontakt\/\">\n\t\t\t\t\t\t<span class=\"elementor-button-content-wrapper\">\n\t\t\t\t\t\t\t\t\t<span class=\"elementor-button-text\">Make an appointment<\/span>\n\t\t\t\t\t<\/span>\n\t\t\t\t\t<\/a>\n\t\t\t\t\t\t\t\t<\/div>\n\t\t\t\t<\/div>\n\t\t\t\t<\/div>\n\t\t\t\t\t<\/div>\n\t\t\t\t<\/div>\n\t\t\t\t\t<\/div>\n\t\t\t\t<\/div>\n\t\t<div class=\"elementor-element elementor-element-2ecc521 e-con-full e-flex e-con e-parent\" data-id=\"2ecc521\" data-element_type=\"container\" data-e-type=\"container\" data-settings=\"{&quot;position&quot;:&quot;fixed&quot;}\">\n\t\t\t\t<div class=\"elementor-element elementor-element-ba666c3 button-hover-effect elementor-align-justify elementor-widget elementor-widget-button\" data-id=\"ba666c3\" data-element_type=\"widget\" data-e-type=\"widget\" data-widget_type=\"button.default\">\n\t\t\t\t\t\t\t\t\t\t<a class=\"elementor-button elementor-button-link elementor-size-sm\" href=\"https:\/\/pit.de\/en\/kontakt\/\">\n\t\t\t\t\t\t<span class=\"elementor-button-content-wrapper\">\n\t\t\t\t\t\t\t\t\t<span class=\"elementor-button-text\">Make an appointment<\/span>\n\t\t\t\t\t<\/span>\n\t\t\t\t\t<\/a>\n\t\t\t\t\t\t\t\t<\/div>\n\t\t\t\t<\/div>\n\t\t\t\t<\/div>","protected":false},"excerpt":{"rendered":"<p>Als ausf\u00fchrendes Unternehmen bringen Sie die digitale Planung auf die Baustelle. Ihre t\u00e4gliche Arbeit ist gepr\u00e4gt von Zeitdruck, Koordinationsaufwand und Qualit\u00e4tsanforderungen, w\u00e4hrend sie gleichzeitig Nachweise, Pr\u00fcfprotokolle und Dokumentationen liefern m\u00fcssen. In modernen Bauprojekten wird zunehmend modellbasiert geplant \u2013 und damit steigen die Anforderungen auch an die ausf\u00fchrenden Unternehmen. Bauleiter und Monteure m\u00fcssen Planungsdaten verstehen, pr\u00fcfen und anwenden k\u00f6nnen.<br \/>\n\u00c4nderungen auf der Baustelle m\u00fcssen schnell und korrekt in die digitale Planung zur\u00fcckflie\u00dfen.<br \/>\nNachweise und Pr\u00fcfprotokolle sind integraler Bestandteil der Qualit\u00e4tssicherung und m\u00fcssen digital nachvollziehbar sein. Um diese Anforderungen zu erf\u00fcllen, bieten wir Ihnen einen digitalen Werkzeugkasten an, der Planung, Berechnung und Ausf\u00fchrung verbindet. So werden Bauprozesse effizienter, \u00c4nderungen direkt im Modell erfasst, Ergebnisse transparent und nachvollziehbar.\u00a0<\/p>","protected":false},"author":1,"featured_media":2877,"parent":18,"menu_order":16,"comment_status":"closed","ping_status":"closed","template":"","meta":{"footnotes":""},"class_list":["post-3059","page","type-page","status-publish","has-post-thumbnail","hentry"],"_links":{"self":[{"href":"https:\/\/pit.de\/en\/wp-json\/wp\/v2\/pages\/3059","targetHints":{"allow":["GET"]}}],"collection":[{"href":"https:\/\/pit.de\/en\/wp-json\/wp\/v2\/pages"}],"about":[{"href":"https:\/\/pit.de\/en\/wp-json\/wp\/v2\/types\/page"}],"author":[{"embeddable":true,"href":"https:\/\/pit.de\/en\/wp-json\/wp\/v2\/users\/1"}],"replies":[{"embeddable":true,"href":"https:\/\/pit.de\/en\/wp-json\/wp\/v2\/comments?post=3059"}],"version-history":[{"count":47,"href":"https:\/\/pit.de\/en\/wp-json\/wp\/v2\/pages\/3059\/revisions"}],"predecessor-version":[{"id":7008,"href":"https:\/\/pit.de\/en\/wp-json\/wp\/v2\/pages\/3059\/revisions\/7008"}],"up":[{"embeddable":true,"href":"https:\/\/pit.de\/en\/wp-json\/wp\/v2\/pages\/18"}],"wp:featuredmedia":[{"embeddable":true,"href":"https:\/\/pit.de\/en\/wp-json\/wp\/v2\/media\/2877"}],"wp:attachment":[{"href":"https:\/\/pit.de\/en\/wp-json\/wp\/v2\/media?parent=3059"}],"curies":[{"name":"wp","href":"https:\/\/api.w.org\/{rel}","templated":true}]}}