{"id":3057,"date":"2025-10-31T11:26:19","date_gmt":"2025-10-31T10:26:19","guid":{"rendered":"https:\/\/www-pit-de-dev.wpms.raum15.at\/?page_id=3057"},"modified":"2025-11-24T15:58:07","modified_gmt":"2025-11-24T14:58:07","slug":"technische-bueros","status":"publish","type":"page","link":"https:\/\/pit.de\/en\/planen-bauen\/technische-bueros\/","title":{"rendered":"Technical offices"},"content":{"rendered":"<div data-elementor-type=\"wp-page\" data-elementor-id=\"3057\" class=\"elementor elementor-3057\" data-elementor-post-type=\"page\">\n\t\t\t\t<div class=\"elementor-element elementor-element-1e452ae e-con-full e-flex e-con e-parent\" data-id=\"1e452ae\" data-element_type=\"container\" data-e-type=\"container\" data-settings=\"{&quot;background_background&quot;:&quot;classic&quot;}\">\n\t\t<div class=\"elementor-element elementor-element-543491c animated-slow e-flex e-con-boxed elementor-invisible e-con e-child\" data-id=\"543491c\" data-element_type=\"container\" data-e-type=\"container\" data-settings=\"{&quot;animation&quot;:&quot;fadeIn&quot;,&quot;animation_delay&quot;:&quot;600&quot;}\">\n\t\t\t\t\t<div class=\"e-con-inner\">\n\t\t\t\t<div class=\"elementor-element elementor-element-f994e60 elementor-widget elementor-widget-heading\" data-id=\"f994e60\" data-element_type=\"widget\" data-e-type=\"widget\" data-widget_type=\"heading.default\">\n\t\t\t\t\t<span class=\"elementor-heading-title elementor-size-default\">Efficient planning with calculation and model intelligence<\/span>\t\t\t\t<\/div>\n\t\t\t\t<div class=\"elementor-element elementor-element-96731c7 elementor-widget elementor-widget-heading\" data-id=\"96731c7\" data-element_type=\"widget\" data-e-type=\"widget\" data-widget_type=\"heading.default\">\n\t\t\t\t\t<h1 class=\"elementor-heading-title elementor-size-default\">Technical offices<\/h1>\t\t\t\t<\/div>\n\t\t\t\t\t<\/div>\n\t\t\t\t<\/div>\n\t\t\t\t<\/div>\n\t\t<div class=\"elementor-element elementor-element-99d121b e-con-full textilien-container e-flex e-con e-parent\" data-id=\"99d121b\" data-element_type=\"container\" data-e-type=\"container\" id=\"TechnischeBueros\" data-settings=\"{&quot;background_background&quot;:&quot;classic&quot;}\">\n\t\t<div class=\"elementor-element elementor-element-cdeb20c e-flex e-con-boxed e-con e-child\" data-id=\"cdeb20c\" data-element_type=\"container\" data-e-type=\"container\">\n\t\t\t\t\t<div class=\"e-con-inner\">\n\t\t\t\t<div class=\"elementor-element elementor-element-6a8ee47 elementor-widget__width-initial elementor-invisible elementor-widget elementor-widget-text-editor\" data-id=\"6a8ee47\" data-element_type=\"widget\" data-e-type=\"widget\" data-settings=\"{&quot;_animation&quot;:&quot;fadeIn&quot;}\" data-widget_type=\"text-editor.default\">\n\t\t\t\t\t\t\t\t\t<p>As a technical office, you develop complex building technology systems, link models with calculations and ensure comprehensible, standard-compliant results. An integrated way of working is essential to overcome challenges such as linking CAD planning and calculations or complying with standards. With modern software solutions such as pitCAD Ultimate, the Autodesk AEC Collection and SOLAR-COMPUTER, these requirements can be met efficiently. The result is an end-to-end digital process.<\/p>\t\t\t\t\t\t\t\t<\/div>\n\t\t\t\t\t<\/div>\n\t\t\t\t<\/div>\n\t\t\t\t<\/div>\n\t\t<div class=\"elementor-element elementor-element-2a33603 e-flex e-con-boxed e-con e-parent\" data-id=\"2a33603\" data-element_type=\"container\" data-e-type=\"container\" data-settings=\"{&quot;background_background&quot;:&quot;classic&quot;}\">\n\t\t\t\t\t<div class=\"e-con-inner\">\n\t\t<div class=\"elementor-element elementor-element-721c9c7 e-con-full e-flex e-con e-child\" data-id=\"721c9c7\" data-element_type=\"container\" data-e-type=\"container\" data-settings=\"{&quot;background_background&quot;:&quot;classic&quot;}\">\n\t\t<div class=\"elementor-element elementor-element-f3411fe e-con-full e-flex e-con e-child\" data-id=\"f3411fe\" data-element_type=\"container\" data-e-type=\"container\" data-settings=\"{&quot;background_background&quot;:&quot;classic&quot;}\">\n\t\t<div class=\"elementor-element elementor-element-3f4a3f7 e-con-full e-flex e-con e-child\" data-id=\"3f4a3f7\" data-element_type=\"container\" data-e-type=\"container\" data-settings=\"{&quot;background_background&quot;:&quot;classic&quot;}\">\n\t\t<div class=\"elementor-element elementor-element-e827e24 e-con-full e-flex e-con e-child\" data-id=\"e827e24\" data-element_type=\"container\" data-e-type=\"container\">\n\t\t\t\t<div class=\"elementor-element elementor-element-ea687c7 elementor-invisible elementor-widget elementor-widget-heading\" data-id=\"ea687c7\" data-element_type=\"widget\" data-e-type=\"widget\" data-settings=\"{&quot;_animation&quot;:&quot;fadeIn&quot;}\" data-widget_type=\"heading.default\">\n\t\t\t\t\t<h3 class=\"elementor-heading-title elementor-size-default\">pitCAD <span style=\"color:#0A0A0A\">ULTIMATE\/CLASSIC<\/span><\/h3>\t\t\t\t<\/div>\n\t\t\t\t<div class=\"elementor-element elementor-element-bc2e757 elementor-invisible elementor-widget elementor-widget-heading\" data-id=\"bc2e757\" data-element_type=\"widget\" data-e-type=\"widget\" data-settings=\"{&quot;_animation&quot;:&quot;fadeIn&quot;}\" data-widget_type=\"heading.default\">\n\t\t\t\t\t<h3 class=\"elementor-heading-title elementor-size-default\">Model-based TGA planning<\/h3>\t\t\t\t<\/div>\n\t\t\t\t<\/div>\n\t\t<div class=\"elementor-element elementor-element-160dce8 e-con-full e-flex elementor-invisible e-con e-child\" data-id=\"160dce8\" data-element_type=\"container\" data-e-type=\"container\" data-settings=\"{&quot;animation&quot;:&quot;fadeIn&quot;}\">\n\t\t\t\t<div class=\"elementor-element elementor-element-5efb2be elementor-widget__width-initial elementor-invisible elementor-widget elementor-widget-text-editor\" data-id=\"5efb2be\" data-element_type=\"widget\" data-e-type=\"widget\" data-settings=\"{&quot;_animation&quot;:&quot;fadeIn&quot;}\" data-widget_type=\"text-editor.default\">\n\t\t\t\t\t\t\t\t\t<p>With pitCAD Ultimate, you, as a technical office, implement the technical building equipment directly in the digital model. Installations, surfaces and technical systems are created in a shared CAD environment and serve as the basis for calculations, documentation and plausibility checks. Thanks to the openBIM capability, data can be exchanged seamlessly between different systems. Whether heating, cooling, ventilation or sanitary planning, pitCAD Ultimate gives you transparent and traceable processes.<\/p>\t\t\t\t\t\t\t\t<\/div>\n\t\t\t\t<div class=\"elementor-element elementor-element-0e78cc8 button-hover-effect elementor-widget elementor-widget-button\" data-id=\"0e78cc8\" data-element_type=\"widget\" data-e-type=\"widget\" data-widget_type=\"button.default\">\n\t\t\t\t\t\t\t\t\t\t<a class=\"elementor-button elementor-button-link elementor-size-sm\" href=\"https:\/\/pit.de\/en\/pitcad-ultimate-classic\/\">\n\t\t\t\t\t\t<span class=\"elementor-button-content-wrapper\">\n\t\t\t\t\t\t\t\t\t<span class=\"elementor-button-text\">LEARN MORE<\/span>\n\t\t\t\t\t<\/span>\n\t\t\t\t\t<\/a>\n\t\t\t\t\t\t\t\t<\/div>\n\t\t\t\t<\/div>\n\t\t\t\t<\/div>\n\t\t\t\t<\/div>\n\t\t<div class=\"elementor-element elementor-element-9504d78 e-con-full e-flex e-con e-child\" data-id=\"9504d78\" data-element_type=\"container\" data-e-type=\"container\" data-settings=\"{&quot;background_background&quot;:&quot;classic&quot;}\">\n\t\t\t\t<div class=\"elementor-element elementor-element-90e5be1 elementor-widget elementor-widget-image\" data-id=\"90e5be1\" data-element_type=\"widget\" data-e-type=\"widget\" data-widget_type=\"image.default\">\n\t\t\t\t\t\t\t\t\t\t\t\t\t\t\t<img fetchpriority=\"high\" decoding=\"async\" width=\"800\" height=\"583\" src=\"https:\/\/pit.de\/wp-content\/uploads\/sites\/58\/2025\/10\/pitCAD-Ultimate-Mockup.webp\" class=\"attachment-large size-large wp-image-2688\" alt=\"\" srcset=\"https:\/\/pit.de\/wp-content\/uploads\/sites\/58\/2025\/10\/pitCAD-Ultimate-Mockup.webp 907w, https:\/\/pit.de\/wp-content\/uploads\/sites\/58\/2025\/10\/pitCAD-Ultimate-Mockup-300x219.webp 300w, https:\/\/pit.de\/wp-content\/uploads\/sites\/58\/2025\/10\/pitCAD-Ultimate-Mockup-768x560.webp 768w\" sizes=\"(max-width: 800px) 100vw, 800px\" title=\"\">\t\t\t\t\t\t\t\t\t\t\t\t\t\t\t<\/div>\n\t\t\t\t<\/div>\n\t\t\t\t<\/div>\n\t\t<div class=\"elementor-element elementor-element-45277e8 e-con-full e-flex e-con e-child\" data-id=\"45277e8\" data-element_type=\"container\" data-e-type=\"container\" data-settings=\"{&quot;background_background&quot;:&quot;classic&quot;}\">\n\t\t<div class=\"elementor-element elementor-element-7b52615 e-con-full e-flex e-con e-child\" data-id=\"7b52615\" data-element_type=\"container\" data-e-type=\"container\" data-settings=\"{&quot;background_background&quot;:&quot;classic&quot;}\">\n\t\t\t\t<div class=\"elementor-element elementor-element-31af6c1 elementor-widget elementor-widget-image\" data-id=\"31af6c1\" data-element_type=\"widget\" data-e-type=\"widget\" data-widget_type=\"image.default\">\n\t\t\t\t\t\t\t\t\t\t\t\t\t\t\t<img decoding=\"async\" width=\"800\" height=\"387\" src=\"https:\/\/pit.de\/wp-content\/uploads\/sites\/58\/2025\/10\/Solar-Computer-pitcad-1024x495.webp\" class=\"attachment-large size-large wp-image-2872\" alt=\"\" srcset=\"https:\/\/pit.de\/wp-content\/uploads\/sites\/58\/2025\/10\/Solar-Computer-pitcad-1024x495.webp 1024w, https:\/\/pit.de\/wp-content\/uploads\/sites\/58\/2025\/10\/Solar-Computer-pitcad-300x145.webp 300w, https:\/\/pit.de\/wp-content\/uploads\/sites\/58\/2025\/10\/Solar-Computer-pitcad-768x371.webp 768w, https:\/\/pit.de\/wp-content\/uploads\/sites\/58\/2025\/10\/Solar-Computer-pitcad-1536x742.webp 1536w, https:\/\/pit.de\/wp-content\/uploads\/sites\/58\/2025\/10\/Solar-Computer-pitcad-2048x990.webp 2048w\" sizes=\"(max-width: 800px) 100vw, 800px\" title=\"\">\t\t\t\t\t\t\t\t\t\t\t\t\t\t\t<\/div>\n\t\t\t\t<\/div>\n\t\t<div class=\"elementor-element elementor-element-70052e7 e-con-full e-flex e-con e-child\" data-id=\"70052e7\" data-element_type=\"container\" data-e-type=\"container\" data-settings=\"{&quot;background_background&quot;:&quot;classic&quot;}\">\n\t\t<div class=\"elementor-element elementor-element-c8bd451 e-con-full e-flex e-con e-child\" data-id=\"c8bd451\" data-element_type=\"container\" data-e-type=\"container\" data-settings=\"{&quot;background_background&quot;:&quot;classic&quot;}\">\n\t\t<div class=\"elementor-element elementor-element-aa5d7c2 e-con-full e-flex e-con e-child\" data-id=\"aa5d7c2\" data-element_type=\"container\" data-e-type=\"container\">\n\t\t\t\t<div class=\"elementor-element elementor-element-764c102 elementor-invisible elementor-widget elementor-widget-heading\" data-id=\"764c102\" data-element_type=\"widget\" data-e-type=\"widget\" data-settings=\"{&quot;_animation&quot;:&quot;fadeIn&quot;}\" data-widget_type=\"heading.default\">\n\t\t\t\t\t<h3 class=\"elementor-heading-title elementor-size-default\">SOLAR-COMPUTER<\/h3>\t\t\t\t<\/div>\n\t\t\t\t<div class=\"elementor-element elementor-element-5656d51 elementor-invisible elementor-widget elementor-widget-heading\" data-id=\"5656d51\" data-element_type=\"widget\" data-e-type=\"widget\" data-settings=\"{&quot;_animation&quot;:&quot;fadeIn&quot;}\" data-widget_type=\"heading.default\">\n\t\t\t\t\t<h3 class=\"elementor-heading-title elementor-size-default\">Technical calculations at the highest level<\/h3>\t\t\t\t<\/div>\n\t\t\t\t<\/div>\n\t\t<div class=\"elementor-element elementor-element-e241098 e-con-full e-flex elementor-invisible e-con e-child\" data-id=\"e241098\" data-element_type=\"container\" data-e-type=\"container\" data-settings=\"{&quot;animation&quot;:&quot;fadeIn&quot;}\">\n\t\t\t\t<div class=\"elementor-element elementor-element-c6c1c4e elementor-widget__width-initial elementor-invisible elementor-widget elementor-widget-text-editor\" data-id=\"c6c1c4e\" data-element_type=\"widget\" data-e-type=\"widget\" data-settings=\"{&quot;_animation&quot;:&quot;fadeIn&quot;}\" data-widget_type=\"text-editor.default\">\n\t\t\t\t\t\t\t\t\t<p>As a technical office, you can use the SOLAR-COMPUTER calculation software to derive and reproduce calculations from the models. Heating and cooling load calculations, pipe network or drinking water circulation plans can be checked precisely and checked for plausibility. The connection to the model ensures that all data remains consistent. Changes to the project can be quickly checked for plausibility without the need for time-consuming recalculations. This makes planning transparent and comprehensible.<\/p>\t\t\t\t\t\t\t\t<\/div>\n\t\t\t\t<div class=\"elementor-element elementor-element-898cbd5 button-hover-effect elementor-widget elementor-widget-button\" data-id=\"898cbd5\" data-element_type=\"widget\" data-e-type=\"widget\" data-widget_type=\"button.default\">\n\t\t\t\t\t\t\t\t\t\t<a class=\"elementor-button elementor-button-link elementor-size-sm\" href=\"https:\/\/pit.de\/en\/solar-computer\/\">\n\t\t\t\t\t\t<span class=\"elementor-button-content-wrapper\">\n\t\t\t\t\t\t\t\t\t<span class=\"elementor-button-text\">LEARN MORE<\/span>\n\t\t\t\t\t<\/span>\n\t\t\t\t\t<\/a>\n\t\t\t\t\t\t\t\t<\/div>\n\t\t\t\t<\/div>\n\t\t\t\t<\/div>\n\t\t\t\t<\/div>\n\t\t\t\t<\/div>\n\t\t<div class=\"elementor-element elementor-element-ee53674 e-con-full e-flex e-con e-child\" data-id=\"ee53674\" data-element_type=\"container\" data-e-type=\"container\" data-settings=\"{&quot;background_background&quot;:&quot;classic&quot;}\">\n\t\t<div class=\"elementor-element elementor-element-e4836d0 e-con-full e-flex e-con e-child\" data-id=\"e4836d0\" data-element_type=\"container\" data-e-type=\"container\" data-settings=\"{&quot;background_background&quot;:&quot;classic&quot;}\">\n\t\t<div class=\"elementor-element elementor-element-3df31a6 e-con-full e-flex e-con e-child\" data-id=\"3df31a6\" data-element_type=\"container\" data-e-type=\"container\" data-settings=\"{&quot;background_background&quot;:&quot;classic&quot;}\">\n\t\t<div class=\"elementor-element elementor-element-b91edec e-con-full e-flex e-con e-child\" data-id=\"b91edec\" data-element_type=\"container\" data-e-type=\"container\">\n\t\t\t\t<div class=\"elementor-element elementor-element-e259b0c elementor-invisible elementor-widget elementor-widget-heading\" data-id=\"e259b0c\" data-element_type=\"widget\" data-e-type=\"widget\" data-settings=\"{&quot;_animation&quot;:&quot;fadeIn&quot;}\" data-widget_type=\"heading.default\">\n\t\t\t\t\t<h3 class=\"elementor-heading-title elementor-size-default\">Autodesk AEC Collection<\/h3>\t\t\t\t<\/div>\n\t\t\t\t<div class=\"elementor-element elementor-element-de8aa30 elementor-invisible elementor-widget elementor-widget-heading\" data-id=\"de8aa30\" data-element_type=\"widget\" data-e-type=\"widget\" data-settings=\"{&quot;_animation&quot;:&quot;fadeIn&quot;}\" data-widget_type=\"heading.default\">\n\t\t\t\t\t<h3 class=\"elementor-heading-title elementor-size-default\">BIM environment for specialist disciplines<\/h3>\t\t\t\t<\/div>\n\t\t\t\t<\/div>\n\t\t<div class=\"elementor-element elementor-element-89cf296 e-con-full e-flex elementor-invisible e-con e-child\" data-id=\"89cf296\" data-element_type=\"container\" data-e-type=\"container\" data-settings=\"{&quot;animation&quot;:&quot;fadeIn&quot;}\">\n\t\t\t\t<div class=\"elementor-element elementor-element-268b38e elementor-widget__width-initial elementor-invisible elementor-widget elementor-widget-text-editor\" data-id=\"268b38e\" data-element_type=\"widget\" data-e-type=\"widget\" data-settings=\"{&quot;_animation&quot;:&quot;fadeIn&quot;}\" data-widget_type=\"text-editor.default\">\n\t\t\t\t\t\t\t\t\t<p>With the Autodesk AEC Collection, you, as a technical office, have access to a uniform BIM platform that seamlessly integrates architectural models, technical systems and calculation data. As the leading BIM platform, the Autodesk Architecture, Engineering &amp; Construction Collection (AEC) offers specialist planners the opportunity to network architecture, structural engineering and MEP in a common environment. In combination with Revit and SOLAR-COMPUTER, this creates a fully integrated planning process.<\/p>\t\t\t\t\t\t\t\t<\/div>\n\t\t\t\t<div class=\"elementor-element elementor-element-8cc2544 button-hover-effect elementor-widget elementor-widget-button\" data-id=\"8cc2544\" data-element_type=\"widget\" data-e-type=\"widget\" data-widget_type=\"button.default\">\n\t\t\t\t\t\t\t\t\t\t<a class=\"elementor-button elementor-button-link elementor-size-sm\" href=\"https:\/\/pit.de\/en\/autodesk\/\">\n\t\t\t\t\t\t<span class=\"elementor-button-content-wrapper\">\n\t\t\t\t\t\t\t\t\t<span class=\"elementor-button-text\">LEARN MORE<\/span>\n\t\t\t\t\t<\/span>\n\t\t\t\t\t<\/a>\n\t\t\t\t\t\t\t\t<\/div>\n\t\t\t\t<\/div>\n\t\t\t\t<\/div>\n\t\t\t\t<\/div>\n\t\t<div class=\"elementor-element elementor-element-ebd7908 e-con-full e-flex e-con e-child\" data-id=\"ebd7908\" data-element_type=\"container\" data-e-type=\"container\" data-settings=\"{&quot;background_background&quot;:&quot;classic&quot;}\">\n\t\t\t\t<div class=\"elementor-element elementor-element-83cf039 elementor-widget elementor-widget-image\" data-id=\"83cf039\" data-element_type=\"widget\" data-e-type=\"widget\" data-widget_type=\"image.default\">\n\t\t\t\t\t\t\t\t\t\t\t\t\t\t\t<img decoding=\"async\" width=\"800\" height=\"594\" src=\"https:\/\/pit.de\/wp-content\/uploads\/sites\/58\/2025\/11\/Autocad-Mockup-1024x760.webp\" class=\"attachment-large size-large wp-image-3459\" alt=\"\" srcset=\"https:\/\/pit.de\/wp-content\/uploads\/sites\/58\/2025\/11\/Autocad-Mockup-1024x760.webp 1024w, https:\/\/pit.de\/wp-content\/uploads\/sites\/58\/2025\/11\/Autocad-Mockup-300x223.webp 300w, https:\/\/pit.de\/wp-content\/uploads\/sites\/58\/2025\/11\/Autocad-Mockup-768x570.webp 768w, https:\/\/pit.de\/wp-content\/uploads\/sites\/58\/2025\/11\/Autocad-Mockup.webp 1500w\" sizes=\"(max-width: 800px) 100vw, 800px\" title=\"\">\t\t\t\t\t\t\t\t\t\t\t\t\t\t\t<\/div>\n\t\t\t\t<\/div>\n\t\t\t\t<\/div>\n\t\t\t\t\t<\/div>\n\t\t\t\t<\/div>\n\t\t<div class=\"elementor-element elementor-element-fbd1913 e-flex e-con-boxed e-con e-parent\" data-id=\"fbd1913\" data-element_type=\"container\" data-e-type=\"container\" data-settings=\"{&quot;background_background&quot;:&quot;gradient&quot;}\">\n\t\t\t\t\t<div class=\"e-con-inner\">\n\t\t<div class=\"elementor-element elementor-element-f2cbb70 e-flex e-con-boxed e-con e-child\" data-id=\"f2cbb70\" data-element_type=\"container\" data-e-type=\"container\" data-settings=\"{&quot;background_background&quot;:&quot;classic&quot;}\">\n\t\t\t\t\t<div class=\"e-con-inner\">\n\t\t<div class=\"elementor-element elementor-element-9a0d8b2 e-con-full e-flex e-con e-child\" data-id=\"9a0d8b2\" data-element_type=\"container\" data-e-type=\"container\" data-settings=\"{&quot;background_background&quot;:&quot;classic&quot;}\">\n\t\t<div class=\"elementor-element elementor-element-d7caf37 e-con-full e-flex e-con e-child\" data-id=\"d7caf37\" data-element_type=\"container\" data-e-type=\"container\" data-settings=\"{&quot;background_background&quot;:&quot;classic&quot;,&quot;position&quot;:&quot;absolute&quot;}\">\n\t\t\t\t<div class=\"elementor-element elementor-element-add071c elementor-widget elementor-widget-heading\" data-id=\"add071c\" data-element_type=\"widget\" data-e-type=\"widget\" data-widget_type=\"heading.default\">\n\t\t\t\t\t<h2 class=\"elementor-heading-title elementor-size-default\">Unanswered questions? <\/h2>\t\t\t\t<\/div>\n\t\t\t\t<div class=\"elementor-element elementor-element-86b8c3f elementor-widget__width-inherit elementor-hidden-mobile elementor-widget elementor-widget-heading\" data-id=\"86b8c3f\" data-element_type=\"widget\" data-e-type=\"widget\" data-widget_type=\"heading.default\">\n\t\t\t\t\t<h2 class=\"elementor-heading-title elementor-size-default\">Let's find out together how pit can support your projects. Make an appointment now. <\/h2>\t\t\t\t<\/div>\n\t\t\t\t<div class=\"elementor-element elementor-element-c7d187d button-hover-effect elementor-align-left elementor-widget elementor-widget-button\" data-id=\"c7d187d\" data-element_type=\"widget\" data-e-type=\"widget\" data-widget_type=\"button.default\">\n\t\t\t\t\t\t\t\t\t\t<a class=\"elementor-button elementor-button-link elementor-size-sm\" href=\"https:\/\/pit.de\/en\/kontakt\/\">\n\t\t\t\t\t\t<span class=\"elementor-button-content-wrapper\">\n\t\t\t\t\t\t\t\t\t<span class=\"elementor-button-text\">Make an appointment<\/span>\n\t\t\t\t\t<\/span>\n\t\t\t\t\t<\/a>\n\t\t\t\t\t\t\t\t<\/div>\n\t\t\t\t<\/div>\n\t\t\t\t<\/div>\n\t\t\t\t\t<\/div>\n\t\t\t\t<\/div>\n\t\t\t\t\t<\/div>\n\t\t\t\t<\/div>\n\t\t<div class=\"elementor-element elementor-element-d33bb5b e-con-full e-flex e-con e-parent\" data-id=\"d33bb5b\" data-element_type=\"container\" data-e-type=\"container\" data-settings=\"{&quot;position&quot;:&quot;fixed&quot;}\">\n\t\t\t\t<div class=\"elementor-element elementor-element-96ae7f1 button-hover-effect elementor-align-justify elementor-widget elementor-widget-button\" data-id=\"96ae7f1\" data-element_type=\"widget\" data-e-type=\"widget\" data-widget_type=\"button.default\">\n\t\t\t\t\t\t\t\t\t\t<a class=\"elementor-button elementor-button-link elementor-size-sm\" href=\"https:\/\/pit.de\/en\/kontakt\/\">\n\t\t\t\t\t\t<span class=\"elementor-button-content-wrapper\">\n\t\t\t\t\t\t\t\t\t<span class=\"elementor-button-text\">Make an appointment<\/span>\n\t\t\t\t\t<\/span>\n\t\t\t\t\t<\/a>\n\t\t\t\t\t\t\t\t<\/div>\n\t\t\t\t<\/div>\n\t\t\t\t<\/div>","protected":false},"excerpt":{"rendered":"<p>Als Technisches B\u00fcros seid ihr das R\u00fcckgrat einer pr\u00e4zisen, wirtschaftlichen und nachhaltigen Geb\u00e4udeplanung. Ihr entwickelt komplexe geb\u00e4udetechnische Systeme, verkn\u00fcpft Modelle mit Berechnungen und sorgt f\u00fcr nachvollziehbare, normgerechte Ergebnisse. Um Herausforderung wie die Verkn\u00fcpfung von CAD-Planung und Berechnungen, oder auch die Einhaltung von Normen bew\u00e4ltigen zu k\u00f6nnen, ist eine integrierte Arbeitsweise essenziell. Mit modernen Softwarel\u00f6sungen wie pitCAD Ultimate, der Autodesk AEC Collection, und SOLAR-COMPUTER lassen sich diese Anforderungen effizient erf\u00fcllen. Ein durchg\u00e4ngiger digitaler Prozess ist das Ergebnis.<\/p>","protected":false},"author":1,"featured_media":2876,"parent":18,"menu_order":15,"comment_status":"closed","ping_status":"closed","template":"","meta":{"footnotes":""},"class_list":["post-3057","page","type-page","status-publish","has-post-thumbnail","hentry"],"_links":{"self":[{"href":"https:\/\/pit.de\/en\/wp-json\/wp\/v2\/pages\/3057","targetHints":{"allow":["GET"]}}],"collection":[{"href":"https:\/\/pit.de\/en\/wp-json\/wp\/v2\/pages"}],"about":[{"href":"https:\/\/pit.de\/en\/wp-json\/wp\/v2\/types\/page"}],"author":[{"embeddable":true,"href":"https:\/\/pit.de\/en\/wp-json\/wp\/v2\/users\/1"}],"replies":[{"embeddable":true,"href":"https:\/\/pit.de\/en\/wp-json\/wp\/v2\/comments?post=3057"}],"version-history":[{"count":49,"href":"https:\/\/pit.de\/en\/wp-json\/wp\/v2\/pages\/3057\/revisions"}],"predecessor-version":[{"id":7621,"href":"https:\/\/pit.de\/en\/wp-json\/wp\/v2\/pages\/3057\/revisions\/7621"}],"up":[{"embeddable":true,"href":"https:\/\/pit.de\/en\/wp-json\/wp\/v2\/pages\/18"}],"wp:featuredmedia":[{"embeddable":true,"href":"https:\/\/pit.de\/en\/wp-json\/wp\/v2\/media\/2876"}],"wp:attachment":[{"href":"https:\/\/pit.de\/en\/wp-json\/wp\/v2\/media?parent=3057"}],"curies":[{"name":"wp","href":"https:\/\/api.w.org\/{rel}","templated":true}]}}