{"id":3040,"date":"2025-10-31T11:20:23","date_gmt":"2025-10-31T10:20:23","guid":{"rendered":"https:\/\/www-pit-de-dev.wpms.raum15.at\/?page_id=3040"},"modified":"2025-11-24T15:55:37","modified_gmt":"2025-11-24T14:55:37","slug":"bauherren","status":"publish","type":"page","link":"https:\/\/pit.de\/en\/planen-bauen\/bauherren\/","title":{"rendered":"Builders"},"content":{"rendered":"<div data-elementor-type=\"wp-page\" data-elementor-id=\"3040\" class=\"elementor elementor-3040\" data-elementor-post-type=\"page\">\n\t\t\t\t<div class=\"elementor-element elementor-element-1e452ae e-con-full e-flex e-con e-parent\" data-id=\"1e452ae\" data-element_type=\"container\" data-e-type=\"container\" data-settings=\"{&quot;background_background&quot;:&quot;classic&quot;}\">\n\t\t<div class=\"elementor-element elementor-element-543491c animated-slow e-flex e-con-boxed elementor-invisible e-con e-child\" data-id=\"543491c\" data-element_type=\"container\" data-e-type=\"container\" data-settings=\"{&quot;animation&quot;:&quot;fadeIn&quot;,&quot;animation_delay&quot;:600}\">\n\t\t\t\t\t<div class=\"e-con-inner\">\n\t\t\t\t<div class=\"elementor-element elementor-element-f994e60 elementor-widget elementor-widget-heading\" data-id=\"f994e60\" data-element_type=\"widget\" data-e-type=\"widget\" data-widget_type=\"heading.default\">\n\t\t\t\t\t<span class=\"elementor-heading-title elementor-size-default\">Transparent. Comprehensible. Sustainable.<\/span>\t\t\t\t<\/div>\n\t\t\t\t<div class=\"elementor-element elementor-element-96731c7 elementor-widget elementor-widget-heading\" data-id=\"96731c7\" data-element_type=\"widget\" data-e-type=\"widget\" data-widget_type=\"heading.default\">\n\t\t\t\t\t<h1 class=\"elementor-heading-title elementor-size-default\">Builders<\/h1>\t\t\t\t<\/div>\n\t\t\t\t\t<\/div>\n\t\t\t\t<\/div>\n\t\t\t\t<\/div>\n\t\t<div class=\"elementor-element elementor-element-98ddde3 e-con-full textilien-container e-flex e-con e-parent\" data-id=\"98ddde3\" data-element_type=\"container\" data-e-type=\"container\" id=\"Bauherren\" data-settings=\"{&quot;background_background&quot;:&quot;classic&quot;}\">\n\t\t<div class=\"elementor-element elementor-element-2bcabd0 e-flex e-con-boxed e-con e-child\" data-id=\"2bcabd0\" data-element_type=\"container\" data-e-type=\"container\">\n\t\t\t\t\t<div class=\"e-con-inner\">\n\t\t\t\t<div class=\"elementor-element elementor-element-a5ccd42 elementor-widget__width-initial elementor-invisible elementor-widget elementor-widget-text-editor\" data-id=\"a5ccd42\" data-element_type=\"widget\" data-e-type=\"widget\" data-settings=\"{&quot;_animation&quot;:&quot;fadeIn&quot;}\" data-widget_type=\"text-editor.default\">\n\t\t\t\t\t\t\t\t\tAs a building owner, you must ensure that construction projects are planned and implemented in an economical, legally compliant and sustainable manner. Traceability, documentation and data consistency are decisive factors here. In order to be able to overcome challenges such as procurement and funding requirements, sustainability criteria such as ESG, GEG &amp; DIN EN ISO 19650 or construction and operating processes, you need integrated digital tools that seamlessly link planning through to operation.<\/p>\t\t\t\t\t\t\t\t<\/div>\n\t\t\t\t\t<\/div>\n\t\t\t\t<\/div>\n\t\t\t\t<\/div>\n\t\t<div class=\"elementor-element elementor-element-745c3ed e-flex e-con-boxed e-con e-parent\" data-id=\"745c3ed\" data-element_type=\"container\" data-e-type=\"container\" data-settings=\"{&quot;background_background&quot;:&quot;classic&quot;}\">\n\t\t\t\t\t<div class=\"e-con-inner\">\n\t\t<div class=\"elementor-element elementor-element-56b608e e-con-full e-flex e-con e-child\" data-id=\"56b608e\" data-element_type=\"container\" data-e-type=\"container\" data-settings=\"{&quot;background_background&quot;:&quot;classic&quot;}\">\n\t\t<div class=\"elementor-element elementor-element-82dbc9b e-con-full e-flex e-con e-child\" data-id=\"82dbc9b\" data-element_type=\"container\" data-e-type=\"container\" data-settings=\"{&quot;background_background&quot;:&quot;classic&quot;}\">\n\t\t<div class=\"elementor-element elementor-element-a144c4e e-con-full e-flex e-con e-child\" data-id=\"a144c4e\" data-element_type=\"container\" data-e-type=\"container\" data-settings=\"{&quot;background_background&quot;:&quot;classic&quot;}\">\n\t\t<div class=\"elementor-element elementor-element-728072a e-con-full e-flex e-con e-child\" data-id=\"728072a\" data-element_type=\"container\" data-e-type=\"container\">\n\t\t\t\t<div class=\"elementor-element elementor-element-2c91bdf elementor-invisible elementor-widget elementor-widget-heading\" data-id=\"2c91bdf\" data-element_type=\"widget\" data-e-type=\"widget\" data-settings=\"{&quot;_animation&quot;:&quot;fadeIn&quot;}\" data-widget_type=\"heading.default\">\n\t\t\t\t\t<h3 class=\"elementor-heading-title elementor-size-default\">pitCAD <span style=\"color:#0A0A0A\">ULTIMATE\/CLASSIC<\/span><\/h3>\t\t\t\t<\/div>\n\t\t\t\t<div class=\"elementor-element elementor-element-6ecd8c6 elementor-invisible elementor-widget elementor-widget-heading\" data-id=\"6ecd8c6\" data-element_type=\"widget\" data-e-type=\"widget\" data-settings=\"{&quot;_animation&quot;:&quot;fadeIn&quot;}\" data-widget_type=\"heading.default\">\n\t\t\t\t\t<h3 class=\"elementor-heading-title elementor-size-default\">Digital building data for planning, documentation and operation<\/h3>\t\t\t\t<\/div>\n\t\t\t\t<\/div>\n\t\t<div class=\"elementor-element elementor-element-bf4e85f e-con-full e-flex elementor-invisible e-con e-child\" data-id=\"bf4e85f\" data-element_type=\"container\" data-e-type=\"container\" data-settings=\"{&quot;animation&quot;:&quot;fadeIn&quot;}\">\n\t\t\t\t<div class=\"elementor-element elementor-element-04caaaa elementor-widget__width-initial elementor-invisible elementor-widget elementor-widget-text-editor\" data-id=\"04caaaa\" data-element_type=\"widget\" data-e-type=\"widget\" data-settings=\"{&quot;_animation&quot;:&quot;fadeIn&quot;}\" data-widget_type=\"text-editor.default\">\n\t\t\t\t\t\t\t\t\t<p>With pitCAD Ultimate, you have a central tool for structured digital planning, calculation and documentation of public construction projects. The software makes it possible to record all relevant building data - areas, rooms, facilities, pipes and technical systems - directly in the model and manage it throughout the entire life cycle. This creates a consistent, object-oriented data structure that links planning information with subsequent operating data. In combination with CAFM systems such as pitFM, pitCAD Ultimate forms the basis for digital building passports, operational documentation and energy evaluations.\u00a0<\/p>\t\t\t\t\t\t\t\t<\/div>\n\t\t\t\t<div class=\"elementor-element elementor-element-5df1b7b button-hover-effect elementor-widget elementor-widget-button\" data-id=\"5df1b7b\" data-element_type=\"widget\" data-e-type=\"widget\" data-widget_type=\"button.default\">\n\t\t\t\t\t\t\t\t\t\t<a class=\"elementor-button elementor-button-link elementor-size-sm\" href=\"https:\/\/pit.de\/en\/pitcad-ultimate-classic\/\">\n\t\t\t\t\t\t<span class=\"elementor-button-content-wrapper\">\n\t\t\t\t\t\t\t\t\t<span class=\"elementor-button-text\">LEARN MORE<\/span>\n\t\t\t\t\t<\/span>\n\t\t\t\t\t<\/a>\n\t\t\t\t\t\t\t\t<\/div>\n\t\t\t\t<\/div>\n\t\t\t\t<\/div>\n\t\t\t\t<\/div>\n\t\t<div class=\"elementor-element elementor-element-ba0653b e-con-full e-flex e-con e-child\" data-id=\"ba0653b\" data-element_type=\"container\" data-e-type=\"container\" data-settings=\"{&quot;background_background&quot;:&quot;classic&quot;}\">\n\t\t\t\t<div class=\"elementor-element elementor-element-4d30cd5 elementor-widget elementor-widget-image\" data-id=\"4d30cd5\" data-element_type=\"widget\" data-e-type=\"widget\" data-widget_type=\"image.default\">\n\t\t\t\t\t\t\t\t\t\t\t\t\t\t\t<img fetchpriority=\"high\" decoding=\"async\" width=\"800\" height=\"583\" src=\"https:\/\/pit.de\/wp-content\/uploads\/sites\/58\/2025\/10\/pitCAD-Ultimate-Mockup.webp\" class=\"attachment-large size-large wp-image-2688\" alt=\"\" srcset=\"https:\/\/pit.de\/wp-content\/uploads\/sites\/58\/2025\/10\/pitCAD-Ultimate-Mockup.webp 907w, https:\/\/pit.de\/wp-content\/uploads\/sites\/58\/2025\/10\/pitCAD-Ultimate-Mockup-300x219.webp 300w, https:\/\/pit.de\/wp-content\/uploads\/sites\/58\/2025\/10\/pitCAD-Ultimate-Mockup-768x560.webp 768w\" sizes=\"(max-width: 800px) 100vw, 800px\" title=\"\">\t\t\t\t\t\t\t\t\t\t\t\t\t\t\t<\/div>\n\t\t\t\t<\/div>\n\t\t\t\t<\/div>\n\t\t<div class=\"elementor-element elementor-element-068c7de e-con-full e-flex e-con e-child\" data-id=\"068c7de\" data-element_type=\"container\" data-e-type=\"container\" data-settings=\"{&quot;background_background&quot;:&quot;classic&quot;}\">\n\t\t<div class=\"elementor-element elementor-element-02c1829 e-con-full e-flex e-con e-child\" data-id=\"02c1829\" data-element_type=\"container\" data-e-type=\"container\" data-settings=\"{&quot;background_background&quot;:&quot;classic&quot;}\">\n\t\t\t\t<div class=\"elementor-element elementor-element-c7e0578 elementor-widget elementor-widget-image\" data-id=\"c7e0578\" data-element_type=\"widget\" data-e-type=\"widget\" data-widget_type=\"image.default\">\n\t\t\t\t\t\t\t\t\t\t\t\t\t\t\t<img decoding=\"async\" width=\"800\" height=\"387\" src=\"https:\/\/pit.de\/wp-content\/uploads\/sites\/58\/2025\/10\/Solar-Computer-pitcad-1024x495.webp\" class=\"attachment-large size-large wp-image-2872\" alt=\"\" srcset=\"https:\/\/pit.de\/wp-content\/uploads\/sites\/58\/2025\/10\/Solar-Computer-pitcad-1024x495.webp 1024w, https:\/\/pit.de\/wp-content\/uploads\/sites\/58\/2025\/10\/Solar-Computer-pitcad-300x145.webp 300w, https:\/\/pit.de\/wp-content\/uploads\/sites\/58\/2025\/10\/Solar-Computer-pitcad-768x371.webp 768w, https:\/\/pit.de\/wp-content\/uploads\/sites\/58\/2025\/10\/Solar-Computer-pitcad-1536x742.webp 1536w, https:\/\/pit.de\/wp-content\/uploads\/sites\/58\/2025\/10\/Solar-Computer-pitcad-2048x990.webp 2048w\" sizes=\"(max-width: 800px) 100vw, 800px\" title=\"\">\t\t\t\t\t\t\t\t\t\t\t\t\t\t\t<\/div>\n\t\t\t\t<\/div>\n\t\t<div class=\"elementor-element elementor-element-62faad4 e-con-full e-flex e-con e-child\" data-id=\"62faad4\" data-element_type=\"container\" data-e-type=\"container\" data-settings=\"{&quot;background_background&quot;:&quot;classic&quot;}\">\n\t\t<div class=\"elementor-element elementor-element-ea499a9 e-con-full e-flex e-con e-child\" data-id=\"ea499a9\" data-element_type=\"container\" data-e-type=\"container\" data-settings=\"{&quot;background_background&quot;:&quot;classic&quot;}\">\n\t\t<div class=\"elementor-element elementor-element-a373845 e-con-full e-flex e-con e-child\" data-id=\"a373845\" data-element_type=\"container\" data-e-type=\"container\">\n\t\t\t\t<div class=\"elementor-element elementor-element-3df650e elementor-invisible elementor-widget elementor-widget-heading\" data-id=\"3df650e\" data-element_type=\"widget\" data-e-type=\"widget\" data-settings=\"{&quot;_animation&quot;:&quot;fadeIn&quot;}\" data-widget_type=\"heading.default\">\n\t\t\t\t\t<h3 class=\"elementor-heading-title elementor-size-default\">SOLAR-COMPUTER<\/h3>\t\t\t\t<\/div>\n\t\t\t\t<div class=\"elementor-element elementor-element-a480307 elementor-invisible elementor-widget elementor-widget-heading\" data-id=\"a480307\" data-element_type=\"widget\" data-e-type=\"widget\" data-settings=\"{&quot;_animation&quot;:&quot;fadeIn&quot;}\" data-widget_type=\"heading.default\">\n\t\t\t\t\t<h3 class=\"elementor-heading-title elementor-size-default\">More legally compliant, standard-compliant calculations<\/h3>\t\t\t\t<\/div>\n\t\t\t\t<\/div>\n\t\t<div class=\"elementor-element elementor-element-e43b28f e-con-full e-flex elementor-invisible e-con e-child\" data-id=\"e43b28f\" data-element_type=\"container\" data-e-type=\"container\" data-settings=\"{&quot;animation&quot;:&quot;fadeIn&quot;}\">\n\t\t\t\t<div class=\"elementor-element elementor-element-4321880 elementor-widget__width-initial elementor-invisible elementor-widget elementor-widget-text-editor\" data-id=\"4321880\" data-element_type=\"widget\" data-e-type=\"widget\" data-settings=\"{&quot;_animation&quot;:&quot;fadeIn&quot;}\" data-widget_type=\"text-editor.default\">\n\t\t\t\t\t\t\t\t\t<p>As a building owner, you must ensure that all calculations and verifications are carried out in accordance with current standards and guidelines. SOLAR-COMPUTER provides you with a certified software solution that offers DIN-compliant calculations and verifications for the entire technical construction of buildings. This includes thermal insulation and energy certificates as well as the representation of heating and cooling loads. SOLAR-COMPUTER offers reliable results and seamless calculation documentation, particularly in areas where traceability, comparability and test reliability have top priority. In conjunction with pitCAD Ultimate, this creates a verified, consistent and traceable database that meets both technical and formal requirements.<\/p>\t\t\t\t\t\t\t\t<\/div>\n\t\t\t\t<div class=\"elementor-element elementor-element-98b52e7 button-hover-effect elementor-widget elementor-widget-button\" data-id=\"98b52e7\" data-element_type=\"widget\" data-e-type=\"widget\" data-widget_type=\"button.default\">\n\t\t\t\t\t\t\t\t\t\t<a class=\"elementor-button elementor-button-link elementor-size-sm\" href=\"https:\/\/pit.de\/en\/solar-computer\/\">\n\t\t\t\t\t\t<span class=\"elementor-button-content-wrapper\">\n\t\t\t\t\t\t\t\t\t<span class=\"elementor-button-text\">LEARN MORE<\/span>\n\t\t\t\t\t<\/span>\n\t\t\t\t\t<\/a>\n\t\t\t\t\t\t\t\t<\/div>\n\t\t\t\t<\/div>\n\t\t\t\t<\/div>\n\t\t\t\t<\/div>\n\t\t\t\t<\/div>\n\t\t\t\t\t<\/div>\n\t\t\t\t<\/div>\n\t\t<div class=\"elementor-element elementor-element-fa02c1d e-flex e-con-boxed e-con e-parent\" data-id=\"fa02c1d\" data-element_type=\"container\" data-e-type=\"container\" data-settings=\"{&quot;background_background&quot;:&quot;gradient&quot;}\">\n\t\t\t\t\t<div class=\"e-con-inner\">\n\t\t<div class=\"elementor-element elementor-element-d730b35 e-flex e-con-boxed e-con e-child\" data-id=\"d730b35\" data-element_type=\"container\" data-e-type=\"container\" data-settings=\"{&quot;background_background&quot;:&quot;classic&quot;}\">\n\t\t\t\t\t<div class=\"e-con-inner\">\n\t\t<div class=\"elementor-element elementor-element-3408143 e-con-full e-flex e-con e-child\" data-id=\"3408143\" data-element_type=\"container\" data-e-type=\"container\" data-settings=\"{&quot;background_background&quot;:&quot;classic&quot;}\">\n\t\t<div class=\"elementor-element elementor-element-82ef38c e-con-full e-flex e-con e-child\" data-id=\"82ef38c\" data-element_type=\"container\" data-e-type=\"container\" data-settings=\"{&quot;background_background&quot;:&quot;classic&quot;,&quot;position&quot;:&quot;absolute&quot;}\">\n\t\t\t\t<div class=\"elementor-element elementor-element-a55b662 elementor-widget elementor-widget-heading\" data-id=\"a55b662\" data-element_type=\"widget\" data-e-type=\"widget\" data-widget_type=\"heading.default\">\n\t\t\t\t\t<h2 class=\"elementor-heading-title elementor-size-default\">Unanswered questions? <\/h2>\t\t\t\t<\/div>\n\t\t\t\t<div class=\"elementor-element elementor-element-e0831b8 elementor-widget__width-inherit elementor-hidden-mobile elementor-widget elementor-widget-heading\" data-id=\"e0831b8\" data-element_type=\"widget\" data-e-type=\"widget\" data-widget_type=\"heading.default\">\n\t\t\t\t\t<h2 class=\"elementor-heading-title elementor-size-default\">Let's find out together how pit can support your projects. Make an appointment now. <\/h2>\t\t\t\t<\/div>\n\t\t\t\t<div class=\"elementor-element elementor-element-6eb9a45 button-hover-effect elementor-align-left elementor-widget elementor-widget-button\" data-id=\"6eb9a45\" data-element_type=\"widget\" data-e-type=\"widget\" data-widget_type=\"button.default\">\n\t\t\t\t\t\t\t\t\t\t<a class=\"elementor-button elementor-button-link elementor-size-sm\" href=\"https:\/\/pit.de\/en\/kontakt\/\">\n\t\t\t\t\t\t<span class=\"elementor-button-content-wrapper\">\n\t\t\t\t\t\t\t\t\t<span class=\"elementor-button-text\">Make an appointment<\/span>\n\t\t\t\t\t<\/span>\n\t\t\t\t\t<\/a>\n\t\t\t\t\t\t\t\t<\/div>\n\t\t\t\t<\/div>\n\t\t\t\t<\/div>\n\t\t\t\t\t<\/div>\n\t\t\t\t<\/div>\n\t\t\t\t\t<\/div>\n\t\t\t\t<\/div>\n\t\t<div class=\"elementor-element elementor-element-396fe5c e-con-full e-flex e-con e-parent\" data-id=\"396fe5c\" data-element_type=\"container\" data-e-type=\"container\" data-settings=\"{&quot;position&quot;:&quot;fixed&quot;}\">\n\t\t\t\t<div class=\"elementor-element elementor-element-b4688e7 button-hover-effect elementor-align-justify elementor-widget elementor-widget-button\" data-id=\"b4688e7\" data-element_type=\"widget\" data-e-type=\"widget\" data-widget_type=\"button.default\">\n\t\t\t\t\t\t\t\t\t\t<a class=\"elementor-button elementor-button-link elementor-size-sm\" href=\"https:\/\/pit.de\/en\/kontakt\/\">\n\t\t\t\t\t\t<span class=\"elementor-button-content-wrapper\">\n\t\t\t\t\t\t\t\t\t<span class=\"elementor-button-text\">Make an appointment<\/span>\n\t\t\t\t\t<\/span>\n\t\t\t\t\t<\/a>\n\t\t\t\t\t\t\t\t<\/div>\n\t\t\t\t<\/div>\n\t\t\t\t<\/div>","protected":false},"excerpt":{"rendered":"<p>aAls Bauherren m\u00fcssen Sie sicherstellen, dass Bauprojekte wirtschaftlich, gesetzeskonform und nachhaltig geplant und umgesetzt werden. Dabei sind Nachvollziehbarkeit, Dokumentation und Datenkonsistenz entscheidende Faktoren. Um Herausforderungen, wie Vergabe- und F\u00f6rderanforderungen, Nachhaltigkeitskriterien wie ESG, GEG &#038; DIN EN ISO 19650 oder Bau- und Betriebsprozesse bew\u00e4ltigen zu k\u00f6nnen, ben\u00f6tigen Sie integrierte digitale Werkzeuge, die die Planung bis hin zum Betrieb nahtlos verkn\u00fcpfen.<\/p>","protected":false},"author":1,"featured_media":2875,"parent":18,"menu_order":14,"comment_status":"closed","ping_status":"closed","template":"","meta":{"footnotes":""},"class_list":["post-3040","page","type-page","status-publish","has-post-thumbnail","hentry"],"_links":{"self":[{"href":"https:\/\/pit.de\/en\/wp-json\/wp\/v2\/pages\/3040","targetHints":{"allow":["GET"]}}],"collection":[{"href":"https:\/\/pit.de\/en\/wp-json\/wp\/v2\/pages"}],"about":[{"href":"https:\/\/pit.de\/en\/wp-json\/wp\/v2\/types\/page"}],"author":[{"embeddable":true,"href":"https:\/\/pit.de\/en\/wp-json\/wp\/v2\/users\/1"}],"replies":[{"embeddable":true,"href":"https:\/\/pit.de\/en\/wp-json\/wp\/v2\/comments?post=3040"}],"version-history":[{"count":46,"href":"https:\/\/pit.de\/en\/wp-json\/wp\/v2\/pages\/3040\/revisions"}],"predecessor-version":[{"id":7002,"href":"https:\/\/pit.de\/en\/wp-json\/wp\/v2\/pages\/3040\/revisions\/7002"}],"up":[{"embeddable":true,"href":"https:\/\/pit.de\/en\/wp-json\/wp\/v2\/pages\/18"}],"wp:featuredmedia":[{"embeddable":true,"href":"https:\/\/pit.de\/en\/wp-json\/wp\/v2\/media\/2875"}],"wp:attachment":[{"href":"https:\/\/pit.de\/en\/wp-json\/wp\/v2\/media?parent=3040"}],"curies":[{"name":"wp","href":"https:\/\/api.w.org\/{rel}","templated":true}]}}