{"id":3025,"date":"2025-10-31T10:38:10","date_gmt":"2025-10-31T09:38:10","guid":{"rendered":"https:\/\/www-pit-de-dev.wpms.raum15.at\/?page_id=3025"},"modified":"2026-04-28T10:01:38","modified_gmt":"2026-04-28T08:01:38","slug":"generalplaner","status":"publish","type":"page","link":"https:\/\/pit.de\/en\/planen-bauen\/generalplaner\/","title":{"rendered":"General planner"},"content":{"rendered":"<div data-elementor-type=\"wp-page\" data-elementor-id=\"3025\" class=\"elementor elementor-3025\" data-elementor-post-type=\"page\">\n\t\t\t\t<div class=\"elementor-element elementor-element-1e452ae e-con-full e-flex e-con e-parent\" data-id=\"1e452ae\" data-element_type=\"container\" data-e-type=\"container\" data-settings=\"{&quot;background_background&quot;:&quot;classic&quot;}\">\n\t\t<div class=\"elementor-element elementor-element-543491c animated-slow e-flex e-con-boxed elementor-invisible e-con e-child\" data-id=\"543491c\" data-element_type=\"container\" data-e-type=\"container\" data-settings=\"{&quot;animation&quot;:&quot;fadeIn&quot;,&quot;animation_delay&quot;:&quot;600&quot;}\">\n\t\t\t\t\t<div class=\"e-con-inner\">\n\t\t\t\t<div class=\"elementor-element elementor-element-f994e60 elementor-widget elementor-widget-heading\" data-id=\"f994e60\" data-element_type=\"widget\" data-e-type=\"widget\" data-widget_type=\"heading.default\">\n\t\t\t\t\t<span class=\"elementor-heading-title elementor-size-default\">Integrated planning with continuous data flow\n<\/span>\t\t\t\t<\/div>\n\t\t\t\t<div class=\"elementor-element elementor-element-96731c7 elementor-widget elementor-widget-heading\" data-id=\"96731c7\" data-element_type=\"widget\" data-e-type=\"widget\" data-widget_type=\"heading.default\">\n\t\t\t\t\t<h1 class=\"elementor-heading-title elementor-size-default\">General planner<\/h1>\t\t\t\t<\/div>\n\t\t\t\t\t<\/div>\n\t\t\t\t<\/div>\n\t\t\t\t<\/div>\n\t\t<div class=\"elementor-element elementor-element-1c7cfbf e-con-full textilien-container e-flex e-con e-parent\" data-id=\"1c7cfbf\" data-element_type=\"container\" data-e-type=\"container\" id=\"Generalplaner\" data-settings=\"{&quot;background_background&quot;:&quot;classic&quot;}\">\n\t\t<div class=\"elementor-element elementor-element-2fddf37 e-flex e-con-boxed e-con e-child\" data-id=\"2fddf37\" data-element_type=\"container\" data-e-type=\"container\">\n\t\t\t\t\t<div class=\"e-con-inner\">\n\t\t\t\t<div class=\"elementor-element elementor-element-4e3584f elementor-widget__width-initial elementor-invisible elementor-widget elementor-widget-text-editor\" data-id=\"4e3584f\" data-element_type=\"widget\" data-e-type=\"widget\" data-settings=\"{&quot;_animation&quot;:&quot;fadeIn&quot;}\" data-widget_type=\"text-editor.default\">\n\t\t\t\t\t\t\t\t\t<p>Complex construction projects require perfect coordination between architecture, structural engineering, and MEP (mechanical, electrical, and plumbing). As software for general planners, our BIM-enabled systems support the coordination of architecture and MEP, and connect models, calculations, and execution into an integrated workflow\u2014for safe, efficient, and sustainable results.<\/p>\t\t\t\t\t\t\t\t<\/div>\n\t\t\t\t\t<\/div>\n\t\t\t\t<\/div>\n\t\t\t\t<\/div>\n\t\t<div class=\"elementor-element elementor-element-fd07f44 e-flex e-con-boxed e-con e-parent\" data-id=\"fd07f44\" data-element_type=\"container\" data-e-type=\"container\" data-settings=\"{&quot;background_background&quot;:&quot;classic&quot;}\">\n\t\t\t\t\t<div class=\"e-con-inner\">\n\t\t<div class=\"elementor-element elementor-element-1708ee1 e-con-full e-flex e-con e-child\" data-id=\"1708ee1\" data-element_type=\"container\" data-e-type=\"container\" data-settings=\"{&quot;background_background&quot;:&quot;classic&quot;}\">\n\t\t<div class=\"elementor-element elementor-element-ca2aa36 e-con-full e-flex e-con e-child\" data-id=\"ca2aa36\" data-element_type=\"container\" data-e-type=\"container\" data-settings=\"{&quot;background_background&quot;:&quot;classic&quot;}\">\n\t\t<div class=\"elementor-element elementor-element-b71be2d e-con-full e-flex e-con e-child\" data-id=\"b71be2d\" data-element_type=\"container\" data-e-type=\"container\" data-settings=\"{&quot;background_background&quot;:&quot;classic&quot;}\">\n\t\t<div class=\"elementor-element elementor-element-e6f1d13 e-con-full e-flex e-con e-child\" data-id=\"e6f1d13\" data-element_type=\"container\" data-e-type=\"container\">\n\t\t\t\t<div class=\"elementor-element elementor-element-a06a85e elementor-invisible elementor-widget elementor-widget-heading\" data-id=\"a06a85e\" data-element_type=\"widget\" data-e-type=\"widget\" data-settings=\"{&quot;_animation&quot;:&quot;fadeIn&quot;}\" data-widget_type=\"heading.default\">\n\t\t\t\t\t<h3 class=\"elementor-heading-title elementor-size-default\">pitCAD <span style=\"color:#0A0A0A\">ULTIMATE\/CLASSIC<\/span><\/h3>\t\t\t\t<\/div>\n\t\t\t\t<div class=\"elementor-element elementor-element-9c37bbb elementor-invisible elementor-widget elementor-widget-heading\" data-id=\"9c37bbb\" data-element_type=\"widget\" data-e-type=\"widget\" data-settings=\"{&quot;_animation&quot;:&quot;fadeIn&quot;}\" data-widget_type=\"heading.default\">\n\t\t\t\t\t<h3 class=\"elementor-heading-title elementor-size-default\">BIM-based TGA planning and calculation<\/h3>\t\t\t\t<\/div>\n\t\t\t\t<\/div>\n\t\t<div class=\"elementor-element elementor-element-345bd21 e-con-full e-flex elementor-invisible e-con e-child\" data-id=\"345bd21\" data-element_type=\"container\" data-e-type=\"container\" data-settings=\"{&quot;animation&quot;:&quot;fadeIn&quot;}\">\n\t\t\t\t<div class=\"elementor-element elementor-element-a8121e0 elementor-widget__width-initial elementor-invisible elementor-widget elementor-widget-text-editor\" data-id=\"a8121e0\" data-element_type=\"widget\" data-e-type=\"widget\" data-settings=\"{&quot;_animation&quot;:&quot;fadeIn&quot;}\" data-widget_type=\"text-editor.default\">\n\t\t\t\t\t\t\t\t\t<p>With pitCAD Ultimate, you have powerful software for integrated planning available, combining CAD planning and all phases from conceptual design to detailed design in one system. The software supports model-based planning of heating, cooling, ventilation, and sanitary systems and enables coupled calculations directly from the model. All system components, pipe networks, and areas are consistently represented. Through interfaces with SOLAR-COMPUTER, etap CANECO, and DIALux, a complete integrated planning process across all trades is created \u2013 from network and lighting calculations to detailed MEP planning. Thanks to its openBIM capabilities, seamless data exchange via the IFC exchange format is guaranteed. This creates a continuous digital workflow from planning to construction.<\/p>\t\t\t\t\t\t\t\t<\/div>\n\t\t\t\t<div class=\"elementor-element elementor-element-5d6d578 button-hover-effect elementor-widget elementor-widget-button\" data-id=\"5d6d578\" data-element_type=\"widget\" data-e-type=\"widget\" data-widget_type=\"button.default\">\n\t\t\t\t\t\t\t\t\t\t<a class=\"elementor-button elementor-button-link elementor-size-sm\" href=\"https:\/\/pit.de\/en\/pitcad-ultimate-classic\/\">\n\t\t\t\t\t\t<span class=\"elementor-button-content-wrapper\">\n\t\t\t\t\t\t\t\t\t<span class=\"elementor-button-text\">LEARN MORE<\/span>\n\t\t\t\t\t<\/span>\n\t\t\t\t\t<\/a>\n\t\t\t\t\t\t\t\t<\/div>\n\t\t\t\t<\/div>\n\t\t\t\t<\/div>\n\t\t\t\t<\/div>\n\t\t<div class=\"elementor-element elementor-element-57eb654 e-con-full e-flex e-con e-child\" data-id=\"57eb654\" data-element_type=\"container\" data-e-type=\"container\" data-settings=\"{&quot;background_background&quot;:&quot;classic&quot;}\">\n\t\t\t\t<div class=\"elementor-element elementor-element-ffe6e9b elementor-widget elementor-widget-image\" data-id=\"ffe6e9b\" data-element_type=\"widget\" data-e-type=\"widget\" data-widget_type=\"image.default\">\n\t\t\t\t\t\t\t\t\t\t\t\t\t\t\t<img fetchpriority=\"high\" decoding=\"async\" width=\"800\" height=\"583\" src=\"https:\/\/pit.de\/wp-content\/uploads\/sites\/58\/2025\/10\/pitCAD-Ultimate-Mockup.webp\" class=\"attachment-large size-large wp-image-2688\" alt=\"\" srcset=\"https:\/\/pit.de\/wp-content\/uploads\/sites\/58\/2025\/10\/pitCAD-Ultimate-Mockup.webp 907w, https:\/\/pit.de\/wp-content\/uploads\/sites\/58\/2025\/10\/pitCAD-Ultimate-Mockup-300x219.webp 300w, https:\/\/pit.de\/wp-content\/uploads\/sites\/58\/2025\/10\/pitCAD-Ultimate-Mockup-768x560.webp 768w\" sizes=\"(max-width: 800px) 100vw, 800px\" title=\"\">\t\t\t\t\t\t\t\t\t\t\t\t\t\t\t<\/div>\n\t\t\t\t<\/div>\n\t\t\t\t<\/div>\n\t\t<div class=\"elementor-element elementor-element-57605cb e-con-full e-flex e-con e-child\" data-id=\"57605cb\" data-element_type=\"container\" data-e-type=\"container\" data-settings=\"{&quot;background_background&quot;:&quot;classic&quot;}\">\n\t\t<div class=\"elementor-element elementor-element-9586793 e-con-full e-flex e-con e-child\" data-id=\"9586793\" data-element_type=\"container\" data-e-type=\"container\" data-settings=\"{&quot;background_background&quot;:&quot;classic&quot;}\">\n\t\t\t\t<div class=\"elementor-element elementor-element-7718e36 elementor-widget elementor-widget-image\" data-id=\"7718e36\" data-element_type=\"widget\" data-e-type=\"widget\" data-widget_type=\"image.default\">\n\t\t\t\t\t\t\t\t\t\t\t\t\t\t\t<img decoding=\"async\" width=\"800\" height=\"387\" src=\"https:\/\/pit.de\/wp-content\/uploads\/sites\/58\/2025\/10\/Solar-Computer-pitcad-1024x495.webp\" class=\"attachment-large size-large wp-image-2872\" alt=\"\" srcset=\"https:\/\/pit.de\/wp-content\/uploads\/sites\/58\/2025\/10\/Solar-Computer-pitcad-1024x495.webp 1024w, https:\/\/pit.de\/wp-content\/uploads\/sites\/58\/2025\/10\/Solar-Computer-pitcad-300x145.webp 300w, https:\/\/pit.de\/wp-content\/uploads\/sites\/58\/2025\/10\/Solar-Computer-pitcad-768x371.webp 768w, https:\/\/pit.de\/wp-content\/uploads\/sites\/58\/2025\/10\/Solar-Computer-pitcad-1536x742.webp 1536w, https:\/\/pit.de\/wp-content\/uploads\/sites\/58\/2025\/10\/Solar-Computer-pitcad-2048x990.webp 2048w\" sizes=\"(max-width: 800px) 100vw, 800px\" title=\"\">\t\t\t\t\t\t\t\t\t\t\t\t\t\t\t<\/div>\n\t\t\t\t<\/div>\n\t\t<div class=\"elementor-element elementor-element-5c958d7 e-con-full e-flex e-con e-child\" data-id=\"5c958d7\" data-element_type=\"container\" data-e-type=\"container\" data-settings=\"{&quot;background_background&quot;:&quot;classic&quot;}\">\n\t\t<div class=\"elementor-element elementor-element-326afa3 e-con-full e-flex e-con e-child\" data-id=\"326afa3\" data-element_type=\"container\" data-e-type=\"container\" data-settings=\"{&quot;background_background&quot;:&quot;classic&quot;}\">\n\t\t<div class=\"elementor-element elementor-element-8accb7c e-con-full e-flex e-con e-child\" data-id=\"8accb7c\" data-element_type=\"container\" data-e-type=\"container\">\n\t\t\t\t<div class=\"elementor-element elementor-element-43d513f elementor-invisible elementor-widget elementor-widget-heading\" data-id=\"43d513f\" data-element_type=\"widget\" data-e-type=\"widget\" data-settings=\"{&quot;_animation&quot;:&quot;fadeIn&quot;}\" data-widget_type=\"heading.default\">\n\t\t\t\t\t<h3 class=\"elementor-heading-title elementor-size-default\">SOLAR-COMPUTER<\/h3>\t\t\t\t<\/div>\n\t\t\t\t<div class=\"elementor-element elementor-element-319afff elementor-invisible elementor-widget elementor-widget-heading\" data-id=\"319afff\" data-element_type=\"widget\" data-e-type=\"widget\" data-settings=\"{&quot;_animation&quot;:&quot;fadeIn&quot;}\" data-widget_type=\"heading.default\">\n\t\t\t\t\t<h3 class=\"elementor-heading-title elementor-size-default\">Technical calculation at the highest level<\/h3>\t\t\t\t<\/div>\n\t\t\t\t<\/div>\n\t\t<div class=\"elementor-element elementor-element-01503ce e-con-full e-flex elementor-invisible e-con e-child\" data-id=\"01503ce\" data-element_type=\"container\" data-e-type=\"container\" data-settings=\"{&quot;animation&quot;:&quot;fadeIn&quot;}\">\n\t\t\t\t<div class=\"elementor-element elementor-element-4b4ad6f elementor-widget__width-initial elementor-invisible elementor-widget elementor-widget-text-editor\" data-id=\"4b4ad6f\" data-element_type=\"widget\" data-e-type=\"widget\" data-settings=\"{&quot;_animation&quot;:&quot;fadeIn&quot;}\" data-widget_type=\"text-editor.default\">\n\t\t\t\t\t\t\t\t\t<p>The SOLAR-COMPUTER calculation software is an indispensable tool for you as a general planner in the environment of modern BIM software. The software covers all relevant standards and procedures, from heating load calculation and dynamic heating and cooling load calculation to pipe network calculation, including circulation calculation for hot and cold water.<br>The close link to pitCAD Ultimate and Revit creates a digital data network that significantly increases the quality of planning. As a general planner, you benefit from a high level of calculation depth, automatic plausibility checks and standard-compliant verification. By linking the model and calculation, the database always remains consistent. Changes in the model are adopted.<\/p>\t\t\t\t\t\t\t\t<\/div>\n\t\t\t\t<div class=\"elementor-element elementor-element-54d9323 button-hover-effect elementor-widget elementor-widget-button\" data-id=\"54d9323\" data-element_type=\"widget\" data-e-type=\"widget\" data-widget_type=\"button.default\">\n\t\t\t\t\t\t\t\t\t\t<a class=\"elementor-button elementor-button-link elementor-size-sm\" href=\"https:\/\/pit.de\/en\/solar-computer\/\">\n\t\t\t\t\t\t<span class=\"elementor-button-content-wrapper\">\n\t\t\t\t\t\t\t\t\t<span class=\"elementor-button-text\">LEARN MORE<\/span>\n\t\t\t\t\t<\/span>\n\t\t\t\t\t<\/a>\n\t\t\t\t\t\t\t\t<\/div>\n\t\t\t\t<\/div>\n\t\t\t\t<\/div>\n\t\t\t\t<\/div>\n\t\t\t\t<\/div>\n\t\t<div class=\"elementor-element elementor-element-24ebf87 e-con-full e-flex e-con e-child\" data-id=\"24ebf87\" data-element_type=\"container\" data-e-type=\"container\" data-settings=\"{&quot;background_background&quot;:&quot;classic&quot;}\">\n\t\t<div class=\"elementor-element elementor-element-959ab5c e-con-full e-flex e-con e-child\" data-id=\"959ab5c\" data-element_type=\"container\" data-e-type=\"container\" data-settings=\"{&quot;background_background&quot;:&quot;classic&quot;}\">\n\t\t<div class=\"elementor-element elementor-element-0c189f7 e-con-full e-flex e-con e-child\" data-id=\"0c189f7\" data-element_type=\"container\" data-e-type=\"container\" data-settings=\"{&quot;background_background&quot;:&quot;classic&quot;}\">\n\t\t<div class=\"elementor-element elementor-element-c45924b e-con-full e-flex e-con e-child\" data-id=\"c45924b\" data-element_type=\"container\" data-e-type=\"container\">\n\t\t\t\t<div class=\"elementor-element elementor-element-317d47f elementor-invisible elementor-widget elementor-widget-heading\" data-id=\"317d47f\" data-element_type=\"widget\" data-e-type=\"widget\" data-settings=\"{&quot;_animation&quot;:&quot;fadeIn&quot;}\" data-widget_type=\"heading.default\">\n\t\t\t\t\t<h3 class=\"elementor-heading-title elementor-size-default\">Autodesk AEC Collection<\/h3>\t\t\t\t<\/div>\n\t\t\t\t<div class=\"elementor-element elementor-element-e73ede2 elementor-invisible elementor-widget elementor-widget-heading\" data-id=\"e73ede2\" data-element_type=\"widget\" data-e-type=\"widget\" data-settings=\"{&quot;_animation&quot;:&quot;fadeIn&quot;}\" data-widget_type=\"heading.default\">\n\t\t\t\t\t<h3 class=\"elementor-heading-title elementor-size-default\">BIM environment for specialist disciplines<\/h3>\t\t\t\t<\/div>\n\t\t\t\t<\/div>\n\t\t<div class=\"elementor-element elementor-element-74d6054 e-con-full e-flex elementor-invisible e-con e-child\" data-id=\"74d6054\" data-element_type=\"container\" data-e-type=\"container\" data-settings=\"{&quot;animation&quot;:&quot;fadeIn&quot;}\">\n\t\t\t\t<div class=\"elementor-element elementor-element-b3a3c04 elementor-widget__width-initial elementor-invisible elementor-widget elementor-widget-text-editor\" data-id=\"b3a3c04\" data-element_type=\"widget\" data-e-type=\"widget\" data-settings=\"{&quot;_animation&quot;:&quot;fadeIn&quot;}\" data-widget_type=\"text-editor.default\">\n\t\t\t\t\t\t\t\t\t<p>With the Autodesk AEC Collection, you have access to a uniform BIM platform that seamlessly integrates architectural models, technical systems and calculation data. As the leading BIM platform, the Autodesk Architecture, Engineering &amp; Construction Collection (AEC) offers general planners the opportunity to network architecture, structural engineering and MEP in a common environment. In combination with Revit and SOLAR-COMPUTER, this creates a fully integrated planning process.<\/p>\t\t\t\t\t\t\t\t<\/div>\n\t\t\t\t<div class=\"elementor-element elementor-element-5bb31f3 button-hover-effect elementor-widget elementor-widget-button\" data-id=\"5bb31f3\" data-element_type=\"widget\" data-e-type=\"widget\" data-widget_type=\"button.default\">\n\t\t\t\t\t\t\t\t\t\t<a class=\"elementor-button elementor-button-link elementor-size-sm\" href=\"https:\/\/pit.de\/en\/autodesk\/\">\n\t\t\t\t\t\t<span class=\"elementor-button-content-wrapper\">\n\t\t\t\t\t\t\t\t\t<span class=\"elementor-button-text\">LEARN MORE<\/span>\n\t\t\t\t\t<\/span>\n\t\t\t\t\t<\/a>\n\t\t\t\t\t\t\t\t<\/div>\n\t\t\t\t<\/div>\n\t\t\t\t<\/div>\n\t\t\t\t<\/div>\n\t\t<div class=\"elementor-element elementor-element-ed72ba0 e-con-full e-flex e-con e-child\" data-id=\"ed72ba0\" data-element_type=\"container\" data-e-type=\"container\" data-settings=\"{&quot;background_background&quot;:&quot;classic&quot;}\">\n\t\t\t\t<div class=\"elementor-element elementor-element-6acb29a elementor-widget elementor-widget-image\" data-id=\"6acb29a\" data-element_type=\"widget\" data-e-type=\"widget\" data-widget_type=\"image.default\">\n\t\t\t\t\t\t\t\t\t\t\t\t\t\t\t<img decoding=\"async\" width=\"800\" height=\"594\" src=\"https:\/\/pit.de\/wp-content\/uploads\/sites\/58\/2025\/11\/Autocad-Mockup-1024x760.webp\" class=\"attachment-large size-large wp-image-3459\" alt=\"\" srcset=\"https:\/\/pit.de\/wp-content\/uploads\/sites\/58\/2025\/11\/Autocad-Mockup-1024x760.webp 1024w, https:\/\/pit.de\/wp-content\/uploads\/sites\/58\/2025\/11\/Autocad-Mockup-300x223.webp 300w, https:\/\/pit.de\/wp-content\/uploads\/sites\/58\/2025\/11\/Autocad-Mockup-768x570.webp 768w, https:\/\/pit.de\/wp-content\/uploads\/sites\/58\/2025\/11\/Autocad-Mockup.webp 1500w\" sizes=\"(max-width: 800px) 100vw, 800px\" title=\"\">\t\t\t\t\t\t\t\t\t\t\t\t\t\t\t<\/div>\n\t\t\t\t<\/div>\n\t\t\t\t<\/div>\n\t\t\t\t\t<\/div>\n\t\t\t\t<\/div>\n\t\t<div class=\"elementor-element elementor-element-6245cb7 e-flex e-con-boxed e-con e-parent\" data-id=\"6245cb7\" data-element_type=\"container\" data-e-type=\"container\" data-settings=\"{&quot;background_background&quot;:&quot;gradient&quot;}\">\n\t\t\t\t\t<div class=\"e-con-inner\">\n\t\t<div class=\"elementor-element elementor-element-133d76f e-flex e-con-boxed e-con e-child\" data-id=\"133d76f\" data-element_type=\"container\" data-e-type=\"container\" data-settings=\"{&quot;background_background&quot;:&quot;classic&quot;}\">\n\t\t\t\t\t<div class=\"e-con-inner\">\n\t\t<div class=\"elementor-element elementor-element-770cfc0 e-con-full e-flex e-con e-child\" data-id=\"770cfc0\" data-element_type=\"container\" data-e-type=\"container\" data-settings=\"{&quot;background_background&quot;:&quot;classic&quot;}\">\n\t\t<div class=\"elementor-element elementor-element-bc55fdb e-con-full e-flex e-con e-child\" data-id=\"bc55fdb\" data-element_type=\"container\" data-e-type=\"container\" data-settings=\"{&quot;background_background&quot;:&quot;classic&quot;,&quot;position&quot;:&quot;absolute&quot;}\">\n\t\t\t\t<div class=\"elementor-element elementor-element-c72fe81 elementor-widget elementor-widget-heading\" data-id=\"c72fe81\" data-element_type=\"widget\" data-e-type=\"widget\" data-widget_type=\"heading.default\">\n\t\t\t\t\t<h2 class=\"elementor-heading-title elementor-size-default\">Unanswered questions? <\/h2>\t\t\t\t<\/div>\n\t\t\t\t<div class=\"elementor-element elementor-element-c0b3157 elementor-widget__width-inherit elementor-hidden-mobile elementor-widget elementor-widget-heading\" data-id=\"c0b3157\" data-element_type=\"widget\" data-e-type=\"widget\" data-widget_type=\"heading.default\">\n\t\t\t\t\t<h2 class=\"elementor-heading-title elementor-size-default\">Let's find out together how pit can support your projects. Make an appointment now. <\/h2>\t\t\t\t<\/div>\n\t\t\t\t<div class=\"elementor-element elementor-element-87ef490 button-hover-effect elementor-align-left elementor-widget elementor-widget-button\" data-id=\"87ef490\" data-element_type=\"widget\" data-e-type=\"widget\" data-widget_type=\"button.default\">\n\t\t\t\t\t\t\t\t\t\t<a class=\"elementor-button elementor-button-link elementor-size-sm\" href=\"https:\/\/pit.de\/en\/kontakt\/\">\n\t\t\t\t\t\t<span class=\"elementor-button-content-wrapper\">\n\t\t\t\t\t\t\t\t\t<span class=\"elementor-button-text\">Make an appointment<\/span>\n\t\t\t\t\t<\/span>\n\t\t\t\t\t<\/a>\n\t\t\t\t\t\t\t\t<\/div>\n\t\t\t\t<\/div>\n\t\t\t\t<\/div>\n\t\t\t\t\t<\/div>\n\t\t\t\t<\/div>\n\t\t\t\t\t<\/div>\n\t\t\t\t<\/div>\n\t\t<div class=\"elementor-element elementor-element-7d39a8e e-con-full e-flex e-con e-parent\" data-id=\"7d39a8e\" data-element_type=\"container\" data-e-type=\"container\" data-settings=\"{&quot;position&quot;:&quot;fixed&quot;}\">\n\t\t\t\t<div class=\"elementor-element elementor-element-3cca1c3 button-hover-effect elementor-align-center elementor-widget elementor-widget-button\" data-id=\"3cca1c3\" data-element_type=\"widget\" data-e-type=\"widget\" data-widget_type=\"button.default\">\n\t\t\t\t\t\t\t\t\t\t<a class=\"elementor-button elementor-button-link elementor-size-sm\" href=\"https:\/\/pit.de\/en\/kontakt\/\">\n\t\t\t\t\t\t<span class=\"elementor-button-content-wrapper\">\n\t\t\t\t\t\t\t\t\t<span class=\"elementor-button-text\">Make an appointment<\/span>\n\t\t\t\t\t<\/span>\n\t\t\t\t\t<\/a>\n\t\t\t\t\t\t\t\t<\/div>\n\t\t\t\t<\/div>\n\t\t\t\t<\/div>","protected":false},"excerpt":{"rendered":"<p>Als Generalplaner \u00fcbernehmen Sie die Gesamtverantwortung f\u00fcr komplexe Bauprojekte und m\u00fcssen Architektur, Tragwerksplanung und technische Geb\u00e4udeausr\u00fcstung effizient koordinieren.<br \/>\nDie zentrale Herausforderung liegt in der effizienten Zusammenarbeit und Koordination aller Disziplinen innerhalb eines durchg\u00e4ngigen digitalen Datenverbunds.<\/p>","protected":false},"author":1,"featured_media":2871,"parent":18,"menu_order":11,"comment_status":"closed","ping_status":"closed","template":"","meta":{"footnotes":""},"class_list":["post-3025","page","type-page","status-publish","has-post-thumbnail","hentry"],"_links":{"self":[{"href":"https:\/\/pit.de\/en\/wp-json\/wp\/v2\/pages\/3025","targetHints":{"allow":["GET"]}}],"collection":[{"href":"https:\/\/pit.de\/en\/wp-json\/wp\/v2\/pages"}],"about":[{"href":"https:\/\/pit.de\/en\/wp-json\/wp\/v2\/types\/page"}],"author":[{"embeddable":true,"href":"https:\/\/pit.de\/en\/wp-json\/wp\/v2\/users\/1"}],"replies":[{"embeddable":true,"href":"https:\/\/pit.de\/en\/wp-json\/wp\/v2\/comments?post=3025"}],"version-history":[{"count":94,"href":"https:\/\/pit.de\/en\/wp-json\/wp\/v2\/pages\/3025\/revisions"}],"predecessor-version":[{"id":12081,"href":"https:\/\/pit.de\/en\/wp-json\/wp\/v2\/pages\/3025\/revisions\/12081"}],"up":[{"embeddable":true,"href":"https:\/\/pit.de\/en\/wp-json\/wp\/v2\/pages\/18"}],"wp:featuredmedia":[{"embeddable":true,"href":"https:\/\/pit.de\/en\/wp-json\/wp\/v2\/media\/2871"}],"wp:attachment":[{"href":"https:\/\/pit.de\/en\/wp-json\/wp\/v2\/media?parent=3025"}],"curies":[{"name":"wp","href":"https:\/\/api.w.org\/{rel}","templated":true}]}}