{"id":2129,"date":"2025-09-23T21:29:45","date_gmt":"2025-09-23T19:29:45","guid":{"rendered":"https:\/\/www-pit-de-dev.wpms.raum15.at\/?page_id=2129"},"modified":"2025-11-26T10:42:22","modified_gmt":"2025-11-26T09:42:22","slug":"fernwartung","status":"publish","type":"page","link":"https:\/\/pit.de\/en\/support\/fernwartung\/","title":{"rendered":"Remote maintenance"},"content":{"rendered":"\t\t<div data-elementor-type=\"wp-page\" data-elementor-id=\"2129\" class=\"elementor elementor-2129\" data-elementor-post-type=\"page\">\n\t\t\t\t<div class=\"elementor-element elementor-element-87290f7 e-flex e-con-boxed e-con e-parent\" data-id=\"87290f7\" data-element_type=\"container\" data-e-type=\"container\" data-settings=\"{&quot;background_background&quot;:&quot;gradient&quot;}\">\n\t\t\t\t\t<div class=\"e-con-inner\">\n\t\t<div class=\"elementor-element elementor-element-0415e72 e-con-full e-flex e-con e-child\" data-id=\"0415e72\" data-element_type=\"container\" data-e-type=\"container\">\n\t\t<div class=\"elementor-element elementor-element-d4a2f8a e-con-full e-flex e-con e-child\" data-id=\"d4a2f8a\" data-element_type=\"container\" data-e-type=\"container\" data-settings=\"{&quot;background_background&quot;:&quot;classic&quot;,&quot;motion_fx_motion_fx_scrolling&quot;:&quot;yes&quot;,&quot;motion_fx_devices&quot;:[&quot;desktop&quot;,&quot;tablet&quot;,&quot;mobile&quot;]}\">\n\t\t<div class=\"elementor-element elementor-element-355157c e-con-full animated-slow e-flex elementor-invisible e-con e-child\" data-id=\"355157c\" data-element_type=\"container\" data-e-type=\"container\" data-settings=\"{&quot;animation&quot;:&quot;fadeIn&quot;}\">\n\t\t\t\t<div class=\"elementor-element elementor-element-f958e03 elementor-widget elementor-widget-heading\" data-id=\"f958e03\" data-element_type=\"widget\" data-e-type=\"widget\" data-widget_type=\"heading.default\">\n\t\t\t\t\t<h2 class=\"elementor-heading-title elementor-size-default\">Direkte Hilfe<\/h2>\t\t\t\t<\/div>\n\t\t\t\t<div class=\"elementor-element elementor-element-ee04624 elementor-widget elementor-widget-heading\" data-id=\"ee04624\" data-element_type=\"widget\" data-e-type=\"widget\" data-widget_type=\"heading.default\">\n\t\t\t\t\t<h2 class=\"elementor-heading-title elementor-size-default\">Fernwartung<\/h2>\t\t\t\t<\/div>\n\t\t\t\t<div class=\"elementor-element elementor-element-c0d631a elementor-widget__width-initial elementor-widget elementor-widget-heading\" data-id=\"c0d631a\" data-element_type=\"widget\" data-e-type=\"widget\" data-widget_type=\"heading.default\">\n\t\t\t\t\t<h2 class=\"elementor-heading-title elementor-size-default\">Mit unseren Fernwartungstools bieten wir Ihnen schnelle und direkte Unterst\u00fctzung. Laden Sie einfach das passende Programm herunter, installieren Sie es auf Ihrem Rechner und teilen Sie uns die Zugangsdaten mit. So k\u00f6nnen wir uns sicher und unkompliziert mit Ihrem System verbinden und Ihnen sofort weiterhelfen.<\/h2>\t\t\t\t<\/div>\n\t\t\t\t<div class=\"elementor-element elementor-element-cbc6a5c button-hover-effect elementor-align-right elementor-widget elementor-widget-button\" data-id=\"cbc6a5c\" data-element_type=\"widget\" data-e-type=\"widget\" data-widget_type=\"button.default\">\n\t\t\t\t\t\t\t\t\t\t<a class=\"elementor-button elementor-button-link elementor-size-sm\" href=\"#Uebersicht\">\n\t\t\t\t\t\t<span class=\"elementor-button-content-wrapper\">\n\t\t\t\t\t\t\t\t\t<span class=\"elementor-button-text\">Fernwartung starten<\/span>\n\t\t\t\t\t<\/span>\n\t\t\t\t\t<\/a>\n\t\t\t\t\t\t\t\t<\/div>\n\t\t\t\t<\/div>\n\t\t\t\t<\/div>\n\t\t<div class=\"elementor-element elementor-element-d318abb e-con-full e-flex e-con e-child\" data-id=\"d318abb\" data-element_type=\"container\" data-e-type=\"container\" data-settings=\"{&quot;background_background&quot;:&quot;classic&quot;,&quot;motion_fx_motion_fx_scrolling&quot;:&quot;yes&quot;,&quot;motion_fx_devices&quot;:[&quot;desktop&quot;,&quot;tablet&quot;,&quot;mobile&quot;]}\">\n\t\t\t\t<\/div>\n\t\t\t\t<\/div>\n\t\t\t\t\t<\/div>\n\t\t\t\t<\/div>\n\t\t<div class=\"elementor-element elementor-element-44e294c e-flex e-con-boxed e-con e-parent\" data-id=\"44e294c\" data-element_type=\"container\" data-e-type=\"container\" id=\"Uebersicht\" data-settings=\"{&quot;background_background&quot;:&quot;gradient&quot;}\">\n\t\t\t\t\t<div class=\"e-con-inner\">\n\t\t<div class=\"elementor-element elementor-element-d223c3d e-con-full e-flex e-con e-child\" data-id=\"d223c3d\" data-element_type=\"container\" data-e-type=\"container\">\n\t\t\t\t<div class=\"elementor-element elementor-element-abf8a27 elementor-invisible elementor-widget elementor-widget-heading\" data-id=\"abf8a27\" data-element_type=\"widget\" data-e-type=\"widget\" data-settings=\"{&quot;_animation&quot;:&quot;fadeInUp&quot;}\" data-widget_type=\"heading.default\">\n\t\t\t\t\t<h2 class=\"elementor-heading-title elementor-size-default\">Jetzt downloaden<\/h2>\t\t\t\t<\/div>\n\t\t\t\t<div class=\"elementor-element elementor-element-2d5d90a animated-slow elementor-invisible elementor-widget elementor-widget-heading\" data-id=\"2d5d90a\" data-element_type=\"widget\" data-e-type=\"widget\" data-settings=\"{&quot;_animation&quot;:&quot;fadeIn&quot;}\" data-widget_type=\"heading.default\">\n\t\t\t\t\t<h2 class=\"elementor-heading-title elementor-size-default\">FERNWARTUNGSSOFTWARE<\/h2>\t\t\t\t<\/div>\n\t\t\t\t<\/div>\n\t\t\t\t<div class=\"elementor-element elementor-element-e73352c e-n-tabs-none elementor-widget elementor-widget-n-tabs\" data-id=\"e73352c\" data-element_type=\"widget\" data-e-type=\"widget\" data-widget_type=\"nested-tabs.default\">\n\t\t\t\t\t\t\t<div class=\"e-n-tabs\" data-widget-number=\"242431276\" aria-label=\"Registerkarten. \u00d6ffnen Sie Elemente mit Enter oder Space, schlie\u00dfen Sie sie mit Escape und navigieren Sie mit den Pfeiltasten.\">\n\t\t\t<div class=\"e-n-tabs-heading\" role=\"tablist\">\n\t\t\t\t\t<button id=\"e-n-tab-title-2424312761\" data-tab-title-id=\"e-n-tab-title-2424312761\" class=\"e-n-tab-title\" aria-selected=\"true\" data-tab-index=\"1\" role=\"tab\" tabindex=\"0\" aria-controls=\"e-n-tab-content-2424312761\" style=\"--n-tabs-title-order: 1;\">\n\t\t\t\t\t\t<span class=\"e-n-tab-title-text\">\n\t\t\t\tFastViewer\t\t\t<\/span>\n\t\t<\/button>\n\t\t\t\t<button id=\"e-n-tab-title-2424312762\" data-tab-title-id=\"e-n-tab-title-2424312762\" class=\"e-n-tab-title\" aria-selected=\"false\" data-tab-index=\"2\" role=\"tab\" tabindex=\"-1\" aria-controls=\"e-n-tab-content-2424312762\" style=\"--n-tabs-title-order: 2;\">\n\t\t\t\t\t\t<span class=\"e-n-tab-title-text\">\n\t\t\t\tTeamViewer\t\t\t<\/span>\n\t\t<\/button>\n\t\t\t\t\t<\/div>\n\t\t\t<div class=\"e-n-tabs-content\">\n\t\t\t\t<div id=\"e-n-tab-content-2424312761\" role=\"tabpanel\" aria-labelledby=\"e-n-tab-title-2424312761\" data-tab-index=\"1\" style=\"--n-tabs-title-order: 1;\" class=\"e-active elementor-element elementor-element-cd9e7ec e-con-full e-flex e-con e-child\" data-id=\"cd9e7ec\" data-element_type=\"container\" data-e-type=\"container\" data-settings=\"{&quot;background_background&quot;:&quot;classic&quot;}\">\n\t\t<a class=\"elementor-element elementor-element-ba8244c e-con-full e-flex e-con e-child\" data-id=\"ba8244c\" data-element_type=\"container\" data-e-type=\"container\" data-settings=\"{&quot;background_background&quot;:&quot;classic&quot;}\" href=\"https:\/\/pit.de\/wp-content\/uploads\/sites\/58\/2025\/11\/FastClient.exe\" target=\"_blank\">\n\t\t<div class=\"elementor-element elementor-element-0c8b2dc e-con-full e-flex e-con e-child\" data-id=\"0c8b2dc\" data-element_type=\"container\" data-e-type=\"container\">\n\t\t\t\t<div class=\"elementor-element elementor-element-8043906 elementor-icon-list--layout-inline elementor-align-start elementor-widget__width-initial elementor-list-item-link-full_width elementor-widget elementor-widget-icon-list\" data-id=\"8043906\" data-element_type=\"widget\" data-e-type=\"widget\" data-widget_type=\"icon-list.default\">\n\t\t\t\t\t\t\t<ul class=\"elementor-icon-list-items elementor-inline-items\">\n\t\t\t\t\t\t\t<li class=\"elementor-icon-list-item elementor-inline-item\">\n\t\t\t\t\t\t\t\t\t\t<span class=\"elementor-icon-list-text\">FastViewer<\/span>\n\t\t\t\t\t\t\t\t\t<\/li>\n\t\t\t\t\t\t<\/ul>\n\t\t\t\t\t\t<\/div>\n\t\t\t\t<div class=\"elementor-element elementor-element-d8b69ea elementor-icon-list--layout-inline elementor-align-start elementor-widget__width-initial elementor-list-item-link-full_width elementor-widget elementor-widget-icon-list\" data-id=\"d8b69ea\" data-element_type=\"widget\" data-e-type=\"widget\" data-widget_type=\"icon-list.default\">\n\t\t\t\t\t\t\t<ul class=\"elementor-icon-list-items elementor-inline-items\">\n\t\t\t\t\t\t\t<li class=\"elementor-icon-list-item elementor-inline-item\">\n\t\t\t\t\t\t\t\t\t\t<span class=\"elementor-icon-list-text\">exe 25,1 MB<\/span>\n\t\t\t\t\t\t\t\t\t<\/li>\n\t\t\t\t\t\t<\/ul>\n\t\t\t\t\t\t<\/div>\n\t\t\t\t<div class=\"elementor-element elementor-element-7bcc944 elementor-view-default elementor-widget elementor-widget-icon\" data-id=\"7bcc944\" data-element_type=\"widget\" data-e-type=\"widget\" data-widget_type=\"icon.default\">\n\t\t\t\t\t\t\t<div class=\"elementor-icon-wrapper\">\n\t\t\t<div class=\"elementor-icon\">\n\t\t\t<svg xmlns=\"http:\/\/www.w3.org\/2000\/svg\" viewBox=\"0 0 24 24\" id=\"download\"><path d=\"M21,14c-0.6,0-1,0.4-1,1v4c0,0.6-0.4,1-1,1H5c-0.6,0-1-0.4-1-1v-4c0-0.6-0.4-1-1-1s-1,0.4-1,1v4c0,1.7,1.3,3,3,3h14 c1.7,0,3-1.3,3-3v-4C22,14.4,21.6,14,21,14z M11.3,15.7c0.4,0.4,1,0.4,1.4,0c0,0,0,0,0,0l4-4c0.4-0.4,0.4-1,0-1.4l0,0 c-0.4-0.4-1-0.4-1.4,0c0,0,0,0,0,0L13,12.6V3c0-0.6-0.4-1-1-1s-1,0.4-1,1v9.6l-2.3-2.3c-0.4-0.4-1-0.4-1.4,0c-0.4,0.4-0.4,1,0,1.4 L11.3,15.7z\"><\/path><\/svg>\t\t\t<\/div>\n\t\t<\/div>\n\t\t\t\t\t\t<\/div>\n\t\t\t\t<\/div>\n\t\t\t\t<\/a>\n\t\t<div class=\"elementor-element elementor-element-0df7cab e-con-full e-flex e-con e-child\" data-id=\"0df7cab\" data-element_type=\"container\" data-e-type=\"container\" data-settings=\"{&quot;background_background&quot;:&quot;classic&quot;}\">\n\t\t<div class=\"elementor-element elementor-element-0055344 e-con-full e-flex e-con e-child\" data-id=\"0055344\" data-element_type=\"container\" data-e-type=\"container\">\n\t\t\t\t<div class=\"elementor-element elementor-element-530f29c elementor-widget elementor-widget-image\" data-id=\"530f29c\" data-element_type=\"widget\" data-e-type=\"widget\" data-widget_type=\"image.default\">\n\t\t\t\t\t\t\t\t\t\t\t\t\t\t\t<img decoding=\"async\" width=\"300\" height=\"85\" src=\"https:\/\/pit.de\/wp-content\/uploads\/sites\/58\/2025\/09\/faster-300x85-1.png\" class=\"attachment-large size-large wp-image-2155\" alt=\"\" title=\"\">\t\t\t\t\t\t\t\t\t\t\t\t\t\t\t<\/div>\n\t\t\t\t<div class=\"elementor-element elementor-element-1caecc2 elementor-widget__width-initial elementor-widget elementor-widget-text-editor\" data-id=\"1caecc2\" data-element_type=\"widget\" data-e-type=\"widget\" data-widget_type=\"text-editor.default\">\n\t\t\t\t\t\t\t\t\t<p>FastViewer erm\u00f6glicht eine schnelle und unkomplizierte Fernwartung ohne aufwendige Installation. Ideal f\u00fcr einmalige Support-Sitzungen oder spontane Hilfe.<\/p><ol><li>Laden Sie FastViewer herunter.<\/li><li>Starten Sie das Programm ohne Installation.<\/li><li>\u00dcbermitteln Sie die Sitzungs-ID an unseren Support, damit wir uns verbinden k\u00f6nnen.<\/li><\/ol>\t\t\t\t\t\t\t\t<\/div>\n\t\t\t\t<div class=\"elementor-element elementor-element-59b652c elementor-widget__width-initial elementor-widget elementor-widget-text-editor\" data-id=\"59b652c\" data-element_type=\"widget\" data-e-type=\"widget\" data-widget_type=\"text-editor.default\">\n\t\t\t\t\t\t\t\t\tBei Fragen zur Nutzung der Fernwartungstools erreichen Sie uns telefonisch oder per E-Mail \u00fcber den Support.\t\t\t\t\t\t\t\t<\/div>\n\t\t\t\t<\/div>\n\t\t\t\t<\/div>\n\t\t\t\t<\/div>\n\t\t<div id=\"e-n-tab-content-2424312762\" role=\"tabpanel\" aria-labelledby=\"e-n-tab-title-2424312762\" data-tab-index=\"2\" style=\"--n-tabs-title-order: 2;\" class=\" elementor-element elementor-element-82707a9 e-con-full e-flex e-con e-child\" data-id=\"82707a9\" data-element_type=\"container\" data-e-type=\"container\" data-settings=\"{&quot;background_background&quot;:&quot;classic&quot;}\">\n\t\t<a class=\"elementor-element elementor-element-bbcedfb e-con-full e-flex e-con e-child\" data-id=\"bbcedfb\" data-element_type=\"container\" data-e-type=\"container\" data-settings=\"{&quot;background_background&quot;:&quot;classic&quot;}\" href=\"https:\/\/download.teamviewer.com\/download\/TeamViewerQS_x64.exe?_gl=1*y6get4*_gcl_au*Mzg5Mjk2ODU3LjE3NjI3ODg5MzA.\" target=\"_blank\" rel=\"noopener\">\n\t\t<div class=\"elementor-element elementor-element-f0ca8d9 e-con-full e-flex e-con e-child\" data-id=\"f0ca8d9\" data-element_type=\"container\" data-e-type=\"container\">\n\t\t\t\t<div class=\"elementor-element elementor-element-f53bb37 elementor-icon-list--layout-inline elementor-align-start elementor-widget__width-initial elementor-list-item-link-full_width elementor-widget elementor-widget-icon-list\" data-id=\"f53bb37\" data-element_type=\"widget\" data-e-type=\"widget\" data-widget_type=\"icon-list.default\">\n\t\t\t\t\t\t\t<ul class=\"elementor-icon-list-items elementor-inline-items\">\n\t\t\t\t\t\t\t<li class=\"elementor-icon-list-item elementor-inline-item\">\n\t\t\t\t\t\t\t\t\t\t<span class=\"elementor-icon-list-text\">TeamViewer<\/span>\n\t\t\t\t\t\t\t\t\t<\/li>\n\t\t\t\t\t\t<\/ul>\n\t\t\t\t\t\t<\/div>\n\t\t\t\t<div class=\"elementor-element elementor-element-1e84703 elementor-icon-list--layout-inline elementor-align-start elementor-widget__width-initial elementor-list-item-link-full_width elementor-widget elementor-widget-icon-list\" data-id=\"1e84703\" data-element_type=\"widget\" data-e-type=\"widget\" data-widget_type=\"icon-list.default\">\n\t\t\t\t\t\t\t<ul class=\"elementor-icon-list-items elementor-inline-items\">\n\t\t\t\t\t\t\t<li class=\"elementor-icon-list-item elementor-inline-item\">\n\t\t\t\t\t\t\t\t\t\t<span class=\"elementor-icon-list-text\">exe<\/span>\n\t\t\t\t\t\t\t\t\t<\/li>\n\t\t\t\t\t\t<\/ul>\n\t\t\t\t\t\t<\/div>\n\t\t\t\t<div class=\"elementor-element elementor-element-845a54d elementor-view-default elementor-widget elementor-widget-icon\" data-id=\"845a54d\" data-element_type=\"widget\" data-e-type=\"widget\" data-widget_type=\"icon.default\">\n\t\t\t\t\t\t\t<div class=\"elementor-icon-wrapper\">\n\t\t\t<div class=\"elementor-icon\">\n\t\t\t<svg xmlns=\"http:\/\/www.w3.org\/2000\/svg\" viewBox=\"0 0 24 24\" id=\"download\"><path d=\"M21,14c-0.6,0-1,0.4-1,1v4c0,0.6-0.4,1-1,1H5c-0.6,0-1-0.4-1-1v-4c0-0.6-0.4-1-1-1s-1,0.4-1,1v4c0,1.7,1.3,3,3,3h14 c1.7,0,3-1.3,3-3v-4C22,14.4,21.6,14,21,14z M11.3,15.7c0.4,0.4,1,0.4,1.4,0c0,0,0,0,0,0l4-4c0.4-0.4,0.4-1,0-1.4l0,0 c-0.4-0.4-1-0.4-1.4,0c0,0,0,0,0,0L13,12.6V3c0-0.6-0.4-1-1-1s-1,0.4-1,1v9.6l-2.3-2.3c-0.4-0.4-1-0.4-1.4,0c-0.4,0.4-0.4,1,0,1.4 L11.3,15.7z\"><\/path><\/svg>\t\t\t<\/div>\n\t\t<\/div>\n\t\t\t\t\t\t<\/div>\n\t\t\t\t<\/div>\n\t\t\t\t<\/a>\n\t\t<div class=\"elementor-element elementor-element-cc84a4a e-con-full e-flex e-con e-child\" data-id=\"cc84a4a\" data-element_type=\"container\" data-e-type=\"container\" data-settings=\"{&quot;background_background&quot;:&quot;classic&quot;}\">\n\t\t<div class=\"elementor-element elementor-element-506a243 e-con-full e-flex e-con e-child\" data-id=\"506a243\" data-element_type=\"container\" data-e-type=\"container\">\n\t\t\t\t<div class=\"elementor-element elementor-element-66fe59b elementor-widget elementor-widget-image\" data-id=\"66fe59b\" data-element_type=\"widget\" data-e-type=\"widget\" data-widget_type=\"image.default\">\n\t\t\t\t\t\t\t\t\t\t\t\t\t\t\t<img decoding=\"async\" width=\"1\" height=\"1\" src=\"https:\/\/pit.de\/wp-content\/uploads\/sites\/58\/2025\/09\/logo-teamviewer-2.svg\" class=\"attachment-large size-large wp-image-2131\" alt=\"\" title=\"\">\t\t\t\t\t\t\t\t\t\t\t\t\t\t\t<\/div>\n\t\t\t\t<div class=\"elementor-element elementor-element-fe6c08c elementor-widget__width-initial elementor-widget elementor-widget-text-editor\" data-id=\"fe6c08c\" data-element_type=\"widget\" data-e-type=\"widget\" data-widget_type=\"text-editor.default\">\n\t\t\t\t\t\t\t\t\t<p>TeamViewer ist ein bew\u00e4hrtes Tool f\u00fcr sicheren Remote-Zugriff. Damit k\u00f6nnen unsere Support-Mitarbeiter direkt auf Ihr System zugreifen, Fehler analysieren und L\u00f6sungen in Echtzeit umsetzen \u2013 unabh\u00e4ngig von Ihrem Standort.<\/p><ol><li>Laden Sie TeamViewer herunter.<\/li><li>Installieren Sie die Software.<\/li><li>Kontaktieren Sie unseren Support und teilen Sie uns Ihre TeamViewer-ID und das Passwort mit.<\/li><\/ol>\t\t\t\t\t\t\t\t<\/div>\n\t\t\t\t<div class=\"elementor-element elementor-element-96d231f elementor-widget__width-initial elementor-widget elementor-widget-text-editor\" data-id=\"96d231f\" data-element_type=\"widget\" data-e-type=\"widget\" data-widget_type=\"text-editor.default\">\n\t\t\t\t\t\t\t\t\t<p>Bei Fragen zur Nutzung der Fernwartungstools erreichen Sie uns telefonisch oder per E-Mail \u00fcber den Support.<\/p>\t\t\t\t\t\t\t\t<\/div>\n\t\t\t\t<\/div>\n\t\t\t\t<\/div>\n\t\t\t\t<\/div>\n\t\t\t\t\t<\/div>\n\t\t<\/div>\n\t\t\t\t\t\t<\/div>\n\t\t\t\t\t<\/div>\n\t\t\t\t<\/div>\n\t\t<div class=\"elementor-element elementor-element-ca1d41c e-flex e-con-boxed e-con e-parent\" data-id=\"ca1d41c\" data-element_type=\"container\" data-e-type=\"container\" data-settings=\"{&quot;background_background&quot;:&quot;gradient&quot;}\">\n\t\t\t\t\t<div class=\"e-con-inner\">\n\t\t<div class=\"elementor-element elementor-element-210d442 e-flex e-con-boxed e-con e-child\" data-id=\"210d442\" data-element_type=\"container\" data-e-type=\"container\" data-settings=\"{&quot;background_background&quot;:&quot;classic&quot;}\">\n\t\t\t\t\t<div class=\"e-con-inner\">\n\t\t<div class=\"elementor-element elementor-element-fb4c0a2 e-con-full e-flex e-con e-child\" data-id=\"fb4c0a2\" data-element_type=\"container\" data-e-type=\"container\" data-settings=\"{&quot;background_background&quot;:&quot;classic&quot;}\">\n\t\t<div class=\"elementor-element elementor-element-5648751 e-con-full e-flex e-con e-child\" data-id=\"5648751\" data-element_type=\"container\" data-e-type=\"container\" data-settings=\"{&quot;background_background&quot;:&quot;classic&quot;,&quot;position&quot;:&quot;absolute&quot;}\">\n\t\t\t\t<div class=\"elementor-element elementor-element-ef18608 elementor-widget elementor-widget-heading\" data-id=\"ef18608\" data-element_type=\"widget\" data-e-type=\"widget\" data-widget_type=\"heading.default\">\n\t\t\t\t\t<h2 class=\"elementor-heading-title elementor-size-default\">Offene Fragen?<\/h2>\t\t\t\t<\/div>\n\t\t\t\t<div class=\"elementor-element elementor-element-5b76d9c elementor-widget__width-inherit elementor-widget elementor-widget-heading\" data-id=\"5b76d9c\" data-element_type=\"widget\" data-e-type=\"widget\" data-widget_type=\"heading.default\">\n\t\t\t\t\t<h2 class=\"elementor-heading-title elementor-size-default\">Unser Support-Team unterst\u00fctzt Sie bei allen Anliegen. <\/h2>\t\t\t\t<\/div>\n\t\t\t\t<div class=\"elementor-element elementor-element-53b8b9c button-hover-effect elementor-align-left elementor-widget elementor-widget-button\" data-id=\"53b8b9c\" data-element_type=\"widget\" data-e-type=\"widget\" data-widget_type=\"button.default\">\n\t\t\t\t\t\t\t\t\t\t<a class=\"elementor-button elementor-button-link elementor-size-sm\" href=\"https:\/\/pit.de\/en\/support\/\">\n\t\t\t\t\t\t<span class=\"elementor-button-content-wrapper\">\n\t\t\t\t\t\t\t\t\t<span class=\"elementor-button-text\">Support<\/span>\n\t\t\t\t\t<\/span>\n\t\t\t\t\t<\/a>\n\t\t\t\t\t\t\t\t<\/div>\n\t\t\t\t<\/div>\n\t\t\t\t<\/div>\n\t\t\t\t\t<\/div>\n\t\t\t\t<\/div>\n\t\t\t\t\t<\/div>\n\t\t\t\t<\/div>\n\t\t\t\t<\/div>\n\t\t","protected":false},"excerpt":{"rendered":"<p>With our remote maintenance tools, we offer you fast and direct support. Simply download the appropriate program, install it on your computer and provide us with the access data. This allows us to connect to your system securely and easily and help you immediately.<\/p>","protected":false},"author":1,"featured_media":3414,"parent":2110,"menu_order":71,"comment_status":"closed","ping_status":"closed","template":"","meta":{"footnotes":""},"class_list":["post-2129","page","type-page","status-publish","has-post-thumbnail","hentry"],"_links":{"self":[{"href":"https:\/\/pit.de\/en\/wp-json\/wp\/v2\/pages\/2129","targetHints":{"allow":["GET"]}}],"collection":[{"href":"https:\/\/pit.de\/en\/wp-json\/wp\/v2\/pages"}],"about":[{"href":"https:\/\/pit.de\/en\/wp-json\/wp\/v2\/types\/page"}],"author":[{"embeddable":true,"href":"https:\/\/pit.de\/en\/wp-json\/wp\/v2\/users\/1"}],"replies":[{"embeddable":true,"href":"https:\/\/pit.de\/en\/wp-json\/wp\/v2\/comments?post=2129"}],"version-history":[{"count":37,"href":"https:\/\/pit.de\/en\/wp-json\/wp\/v2\/pages\/2129\/revisions"}],"predecessor-version":[{"id":8526,"href":"https:\/\/pit.de\/en\/wp-json\/wp\/v2\/pages\/2129\/revisions\/8526"}],"up":[{"embeddable":true,"href":"https:\/\/pit.de\/en\/wp-json\/wp\/v2\/pages\/2110"}],"wp:featuredmedia":[{"embeddable":true,"href":"https:\/\/pit.de\/en\/wp-json\/wp\/v2\/media\/3414"}],"wp:attachment":[{"href":"https:\/\/pit.de\/en\/wp-json\/wp\/v2\/media?parent=2129"}],"curies":[{"name":"wp","href":"https:\/\/api.w.org\/{rel}","templated":true}]}}