{"id":1695,"date":"2025-09-18T15:40:35","date_gmt":"2025-09-18T13:40:35","guid":{"rendered":"https:\/\/www-pit-de-dev.wpms.raum15.at\/?page_id=1695"},"modified":"2026-03-05T15:12:43","modified_gmt":"2026-03-05T14:12:43","slug":"cad-aktivierungsformular","status":"publish","type":"page","link":"https:\/\/pit.de\/en\/cad-aktivierungsformular\/","title":{"rendered":"CAD activation"},"content":{"rendered":"\t\t<div data-elementor-type=\"wp-page\" data-elementor-id=\"1695\" class=\"elementor elementor-1695\" data-elementor-post-type=\"page\">\n\t\t\t\t<div class=\"elementor-element elementor-element-59cc5a6 e-flex e-con-boxed e-con e-parent\" data-id=\"59cc5a6\" data-element_type=\"container\" data-e-type=\"container\" data-settings=\"{&quot;background_background&quot;:&quot;gradient&quot;}\">\n\t\t\t\t\t<div class=\"e-con-inner\">\n\t\t<div class=\"elementor-element elementor-element-f4a43c1 e-con-full e-flex e-con e-child\" data-id=\"f4a43c1\" data-element_type=\"container\" data-e-type=\"container\">\n\t\t<div class=\"elementor-element elementor-element-762f43b e-con-full e-flex e-con e-child\" data-id=\"762f43b\" data-element_type=\"container\" data-e-type=\"container\" data-settings=\"{&quot;background_background&quot;:&quot;classic&quot;,&quot;motion_fx_motion_fx_scrolling&quot;:&quot;yes&quot;,&quot;motion_fx_devices&quot;:[&quot;desktop&quot;,&quot;tablet&quot;,&quot;mobile&quot;]}\">\n\t\t<div class=\"elementor-element elementor-element-39891b7 e-con-full animated-slow e-flex elementor-invisible e-con e-child\" data-id=\"39891b7\" data-element_type=\"container\" data-e-type=\"container\" data-settings=\"{&quot;animation&quot;:&quot;fadeIn&quot;}\">\n\t\t\t\t<div class=\"elementor-element elementor-element-a8e94dc elementor-widget elementor-widget-heading\" data-id=\"a8e94dc\" data-element_type=\"widget\" data-e-type=\"widget\" data-widget_type=\"heading.default\">\n\t\t\t\t\t<h2 class=\"elementor-heading-title elementor-size-default\">Schneller Start mit pidCAD<\/h2>\t\t\t\t<\/div>\n\t\t\t\t<div class=\"elementor-element elementor-element-a0c2e86 elementor-widget elementor-widget-heading\" data-id=\"a0c2e86\" data-element_type=\"widget\" data-e-type=\"widget\" data-widget_type=\"heading.default\">\n\t\t\t\t\t<h2 class=\"elementor-heading-title elementor-size-default\">CAD-Aktivierung<\/h2>\t\t\t\t<\/div>\n\t\t\t\t<div class=\"elementor-element elementor-element-082c9c0 elementor-widget__width-initial elementor-widget elementor-widget-heading\" data-id=\"082c9c0\" data-element_type=\"widget\" data-e-type=\"widget\" data-widget_type=\"heading.default\">\n\t\t\t\t\t<h2 class=\"elementor-heading-title elementor-size-default\">Wenn Sie pitCAD auf einem neuen Rechner einsetzen oder die Lizenz \u00fcbertragen m\u00f6chten, ist eine Reaktivierung notwendig. \u00dcber das Aktivierungsformular erhalten Sie nach Eingabe Ihrer Daten und des Anfragecodes den passenden Aktivierungscode per E-Mail.<\/h2>\t\t\t\t<\/div>\n\t\t\t\t<div class=\"elementor-element elementor-element-413e7dd button-hover-effect elementor-align-right elementor-widget elementor-widget-button\" data-id=\"413e7dd\" data-element_type=\"widget\" data-e-type=\"widget\" data-widget_type=\"button.default\">\n\t\t\t\t\t\t\t\t\t\t<a class=\"elementor-button elementor-button-link elementor-size-sm\" href=\"#aktivierungsformular\">\n\t\t\t\t\t\t<span class=\"elementor-button-content-wrapper\">\n\t\t\t\t\t\t\t\t\t<span class=\"elementor-button-text\">Zum Aktivierungsformular<\/span>\n\t\t\t\t\t<\/span>\n\t\t\t\t\t<\/a>\n\t\t\t\t\t\t\t\t<\/div>\n\t\t\t\t<\/div>\n\t\t\t\t<\/div>\n\t\t<div class=\"elementor-element elementor-element-4bf4b80 e-con-full e-flex e-con e-child\" data-id=\"4bf4b80\" data-element_type=\"container\" data-e-type=\"container\" data-settings=\"{&quot;background_background&quot;:&quot;classic&quot;,&quot;motion_fx_motion_fx_scrolling&quot;:&quot;yes&quot;,&quot;motion_fx_devices&quot;:[&quot;desktop&quot;,&quot;tablet&quot;,&quot;mobile&quot;]}\">\n\t\t\t\t<\/div>\n\t\t\t\t<\/div>\n\t\t<div class=\"elementor-element elementor-element-a116df5 e-con-full e-flex e-con e-child\" data-id=\"a116df5\" data-element_type=\"container\" data-e-type=\"container\">\n\t\t<div class=\"elementor-element elementor-element-2188699 e-grid e-con-full e-con e-child\" data-id=\"2188699\" data-element_type=\"container\" data-e-type=\"container\">\n\t\t<a class=\"elementor-element elementor-element-a1a9be4 e-con-full e-flex elementor-invisible e-con e-child\" data-id=\"a1a9be4\" data-element_type=\"container\" data-e-type=\"container\" data-settings=\"{&quot;background_background&quot;:&quot;classic&quot;,&quot;animation&quot;:&quot;fadeInUp&quot;}\" href=\"#Generalplaner\">\n\t\t\t\t<div class=\"elementor-element elementor-element-8b3afb2 elementor-widget elementor-widget-heading\" data-id=\"8b3afb2\" data-element_type=\"widget\" data-e-type=\"widget\" data-widget_type=\"heading.default\">\n\t\t\t\t\t<h2 class=\"elementor-heading-title elementor-size-default\">Einfacher Ablauf<\/h2>\t\t\t\t<\/div>\n\t\t\t\t<div class=\"elementor-element elementor-element-7d22c09 elementor-widget elementor-widget-text-editor\" data-id=\"7d22c09\" data-element_type=\"widget\" data-e-type=\"widget\" data-widget_type=\"text-editor.default\">\n\t\t\t\t\t\t\t\t\tDie Aktivierung erfolgt in wenigen klaren Schritten.\t\t\t\t\t\t\t\t<\/div>\n\t\t\t\t<\/a>\n\t\t<a class=\"elementor-element elementor-element-2d3099b e-con-full e-flex elementor-invisible e-con e-child\" data-id=\"2d3099b\" data-element_type=\"container\" data-e-type=\"container\" data-settings=\"{&quot;background_background&quot;:&quot;classic&quot;,&quot;animation&quot;:&quot;fadeInUp&quot;,&quot;animation_delay&quot;:400}\" href=\"#Generalplaner\">\n\t\t\t\t<div class=\"elementor-element elementor-element-10107ba elementor-widget elementor-widget-heading\" data-id=\"10107ba\" data-element_type=\"widget\" data-e-type=\"widget\" data-widget_type=\"heading.default\">\n\t\t\t\t\t<h2 class=\"elementor-heading-title elementor-size-default\">Schnelle Bearbeitung<\/h2>\t\t\t\t<\/div>\n\t\t\t\t<div class=\"elementor-element elementor-element-58c0e14 elementor-widget elementor-widget-text-editor\" data-id=\"58c0e14\" data-element_type=\"widget\" data-e-type=\"widget\" data-widget_type=\"text-editor.default\">\n\t\t\t\t\t\t\t\t\tIhr Aktivierungscode wird zeitnah per Mail bereitgestellt.\t\t\t\t\t\t\t\t<\/div>\n\t\t\t\t<\/a>\n\t\t<a class=\"elementor-element elementor-element-8b88a18 e-con-full e-flex elementor-invisible e-con e-child\" data-id=\"8b88a18\" data-element_type=\"container\" data-e-type=\"container\" data-settings=\"{&quot;background_background&quot;:&quot;classic&quot;,&quot;animation&quot;:&quot;fadeInUp&quot;,&quot;animation_delay&quot;:800}\" href=\"#Generalplaner\">\n\t\t\t\t<div class=\"elementor-element elementor-element-520cbf9 elementor-widget elementor-widget-heading\" data-id=\"520cbf9\" data-element_type=\"widget\" data-e-type=\"widget\" data-widget_type=\"heading.default\">\n\t\t\t\t\t<h2 class=\"elementor-heading-title elementor-size-default\">Sichere Aktivierung<\/h2>\t\t\t\t<\/div>\n\t\t\t\t<div class=\"elementor-element elementor-element-8674358 elementor-widget elementor-widget-text-editor\" data-id=\"8674358\" data-element_type=\"widget\" data-e-type=\"widget\" data-widget_type=\"text-editor.default\">\n\t\t\t\t\t\t\t\t\tAlle Daten werden gesch\u00fctzt verarbeitet und gepr\u00fcft.\t\t\t\t\t\t\t\t<\/div>\n\t\t\t\t<\/a>\n\t\t\t\t<\/div>\n\t\t\t\t<\/div>\n\t\t\t\t\t<\/div>\n\t\t\t\t<\/div>\n\t\t<div class=\"elementor-element elementor-element-7864dbe e-flex e-con-boxed e-con e-parent\" data-id=\"7864dbe\" data-element_type=\"container\" data-e-type=\"container\" id=\"aktivierungsformular\" data-settings=\"{&quot;background_background&quot;:&quot;gradient&quot;}\">\n\t\t\t\t\t<div class=\"e-con-inner\">\n\t\t<div class=\"elementor-element elementor-element-a60ab82 e-con-full e-flex e-con e-child\" data-id=\"a60ab82\" data-element_type=\"container\" data-e-type=\"container\">\n\t\t\t\t<div class=\"elementor-element elementor-element-1ff28b8 elementor-invisible elementor-widget elementor-widget-heading\" data-id=\"1ff28b8\" data-element_type=\"widget\" data-e-type=\"widget\" data-settings=\"{&quot;_animation&quot;:&quot;fadeInUp&quot;}\" data-widget_type=\"heading.default\">\n\t\t\t\t\t<span class=\"elementor-heading-title elementor-size-default\">Direkt online aktivieren<\/span>\t\t\t\t<\/div>\n\t\t\t\t<div class=\"elementor-element elementor-element-30aa651 animated-slow elementor-invisible elementor-widget elementor-widget-heading\" data-id=\"30aa651\" data-element_type=\"widget\" data-e-type=\"widget\" data-settings=\"{&quot;_animation&quot;:&quot;fadeIn&quot;}\" data-widget_type=\"heading.default\">\n\t\t\t\t\t<h2 class=\"elementor-heading-title elementor-size-default\">Formular zur Cad Aktivierung<\/h2>\t\t\t\t<\/div>\n\t\t\t\t<\/div>\n\t\t\t\t<div class=\"elementor-element elementor-element-b45827f elementor-widget__width-initial elementor-invisible elementor-widget elementor-widget-text-editor\" data-id=\"b45827f\" data-element_type=\"widget\" data-e-type=\"widget\" data-settings=\"{&quot;_animation&quot;:&quot;fadeIn&quot;}\" data-widget_type=\"text-editor.default\">\n\t\t\t\t\t\t\t\t\t<p>F\u00fcllen Sie das Formular mit Ihren Angaben und dem Anfragecode aus. Nach Pr\u00fcfung senden wir Ihnen den passenden Aktivierungscode zu. Der Aktivierungscode gilt jeweils nur f\u00fcr einen PC. Wenn Sie die Lizenz auf einen anderen Computer \u00fcbertragen m\u00f6chten, ist eine erneute Aktivierung von pitCAD erforderlich. W\u00e4hrend des Aktivierungsprozesses werden ausschlie\u00dflich die unten abgefragten Daten \u00fcbermittelt.<\/p>\t\t\t\t\t\t\t\t<\/div>\n\t\t<div class=\"elementor-element elementor-element-9014603 e-con-full e-flex e-con e-child\" data-id=\"9014603\" data-element_type=\"container\" data-e-type=\"container\" data-settings=\"{&quot;background_background&quot;:&quot;classic&quot;}\">\n\t\t\t\t<div class=\"elementor-element elementor-element-6eab2c9 elementor-widget elementor-widget-shortcode\" data-id=\"6eab2c9\" data-element_type=\"widget\" data-e-type=\"widget\" data-widget_type=\"shortcode.default\">\n\t\t\t\t\t\n\t\t<script type=\"text\/javascript\">\n\t\t<!--\n\t\tfunction formularcheck()\n\t\t{\n\t\t\tif (document.getElementById('dsgvo').checked == false)\n\t\t\t{\n\t\t\t\talert(\"Bitte stimmen sie den Bedingungen unserer Datenschutzerkl\u00e4rung zu.\");\n\t\t\t\treturn false;\n\t\t\t}\n\n\t\t\tif ($('Herr').checked || $('Frau').checked){}else\n\t\t\t{\n\t\t\t\talert(\"Bitte geben Sie Ihre Anrede an.\");\n\t\t\t\treturn false;\n\t\t\t}\n\n\t\t\tif ($('vorname').value==\"\")\n\t\t\t{\n\t\t\t\talert(\"Bitte geben Sie Ihren Vornamen an.\");\n\t\t\t\treturn false;\n\t\t\t}\n\n\t\t\tif ($('nachname').value==\"\")\n\t\t\t{\n\t\t\t\talert(\"Bitte geben Sie Ihren Nachnamen an.\");\n\t\t\t\treturn false;\n\t\t\t}\n\n\t\t\tif ($('firma').value==\"\")\n\t\t\t{\n\t\t\t\talert(\"Bitte geben Sie Ihre Firma an.\");\n\t\t\t\treturn false;\n\t\t\t}\n\n\t\t\tif ($('strasse').value==\"\")\n\t\t\t{\n\t\t\t\talert(\"Bitte geben Sie Ihre Strasse an.\");\n\t\t\t\treturn false;\n\t\t\t}\n\n\t\t\tif ($('plz').value==\"\")\n\t\t\t{\n\t\t\t\talert(\"Bitte geben Sie Ihre Postleitzahl an.\");\n\t\t\t\treturn false;\n\t\t\t}\n\n\t\t\tif ($('ort').value==\"\")\n\t\t\t{\n\t\t\t\talert(\"Bitte geben Sie Ihre Ort an.\");\n\t\t\t\treturn false;\n\t\t\t}\n\n\t\t\tif ($('email').value==\"\"){\n\t\t\t\talert(\"Bitte geben Sie eine g\u00fcltige E-Mail Adresse an.\");\n\t\t\t\t$('email').select();\n\t\t\t\treturn false;\n\t\t\t}else{\n\n\t\t\t\tcheckEmail = $('email').value\n\t\t\t\tif ((checkEmail.indexOf('@') < 0) || ((checkEmail.charAt(checkEmail.length-4) != '.') && (checkEmail.charAt(checkEmail.length-3) != '.')))\n\t\t\t\t{\n\t\t\t\t\talert(\"Bitte geben Sie eine g\u00fcltige E-Mail Adresse an.\");\n\t\t\t\t\t$('email').select();\n\t\t\t\t\treturn false;\n\t\t\t\t}\n\n\t\t\t\tif ($('version').value==\"\")\n\t\t\t\t{\n\t\t\t\t\talert(\"Bitte geben Sie eine Version an.\");\n\t\t\t\t\treturn false;\n\t\t\t\t}\n\t\t\t}\n\n\t\t\treturn true;\n\t\t}\n\t\t\/\/-->\n\t\t<\/script>\n\n\t\t\n\t\t\t<div class=\"ts-activation-form\">\n\n\t\t\t\t<form action=\"https:\/\/pit.de\/en\/cad-aktivierungsformular\/\" method=\"post\" onSubmit=\"return formularcheck()\" name=\"formular\">\n\t\t\t\t<table class=\"fliesstext\" cellspacing=\"0\" cellpadding=\"0\" width=\"100%\" border=\"0\">\n\t\t\t\t<tbody>\n\t\t\t\t<tr>\n\t\t\t\t  <td>\n\t\t\t\t\t<table class=\"fliesstext\" cellspacing=\"0\" cellpadding=\"0\" width=\"100%\" border=\"0\">\n\t\t\t\t\t\t<tbody>\n\t\t\t\t\t\t\t<tr>\n\t\t\t\t\t\t\t\t<td colspan=\"2\">\n\t\t\t\t\t\t\t\t\t<h4>User Information<\/h4>\n\t\t\t\t\t\t\t\t<\/td>\n\t\t\t\t\t\t\t<\/tr>\n\n\t\t\t\t\t\t\t<tr class=\"anrede\">\n\t\t\t\t\t\t\t\t<td width=\"250\" height=\"25\">Salutation *<\/td>\n\t\t\t\t\t\t\t\t<td height=\"25\">\n\t\t\t\t\t\t\t\t\t<input id=\"Herr\" type=\"radio\" name=\"anrede\" value=\"Mr.\" \/>\n\t\t\t\t\t\t\t\t\t<label for=\"Herr\">Mr.<\/label>\n\n\t\t\t\t\t\t\t\t\t&#160;\n\n\t\t\t\t\t\t\t\t\t<input id=\"Frau\" type=\"radio\" name=\"anrede\" value=\"Ms.\" \/>\n\t\t\t\t\t\t\t\t\t<label for=\"Frau\">Ms.<\/label>\n\t\t\t\t\t\t\t\t<\/td>\n\t\t\t\t\t\t\t<\/tr>\n\n\t\t\t\t\t\t\t<tr>\n\t\t\t\t\t\t\t\t<td height=\"25\">First name *<\/td>\n\t\t\t\t\t\t\t\t<td height=\"25\"><input name=\"vorname\" id=\"vorname\" value=\"\" type=\"text\" \/><\/td>\n\t\t\t\t\t\t\t<\/tr>\n\n\t\t\t\t\t\t\t<tr>\n\t\t\t\t\t\t\t\t<td height=\"25\">Last name *<\/td>\n\t\t\t\t\t\t\t\t<td height=\"25\"><input name=\"nachname\" id=\"nachname\" value=\"\" type=\"text\" \/><\/td>\n\t\t\t\t\t\t\t<\/tr>\n\n\t\t\t\t\t\t\t<tr>\n\t\t\t\t\t\t\t\t<td height=\"25\">Company *<\/td>\n\t\t\t\t\t\t\t\t<td height=\"25\"><input name=\"firma\" id=\"firma\" value=\"\" type=\"text\" \/><\/td>\n\t\t\t\t\t\t\t<\/tr>\n\n\t\t\t\t\t\t\t<tr>\n\t\t\t\t\t\t\t\t<td height=\"25\">Department<\/td>\n\t\t\t\t\t\t\t\t<td height=\"25\"><input name=\"abteilung\" id=\"abteilung\" value=\"\" type=\"text\" \/><\/td>\n\t\t\t\t\t\t\t<\/tr>\n\n\t\t\t\t\t\t\t<tr>\n\t\t\t\t\t\t\t\t<td height=\"25\">Street *<\/td>\n\t\t\t\t\t\t\t\t<td height=\"25\"><input name=\"strasse\" id=\"strasse\" value=\"\" type=\"text\" \/><\/td>\n\t\t\t\t\t\t\t<\/tr>\n\n\t\t\t\t\t\t\t<tr>\n\t\t\t\t\t\t\t\t<td height=\"25\">ZIP *<\/td>\n\t\t\t\t\t\t\t\t<td height=\"25\"><input name=\"plz\" id=\"plz\" value=\"\" type=\"text\" \/><\/td>\n\t\t\t\t\t\t\t<\/tr>\n\n\t\t\t\t\t\t\t<tr>\n\t\t\t\t\t\t\t\t<td height=\"25\">City *<\/td>\n\t\t\t\t\t\t\t\t<td height=\"25\"><input name=\"ort\" id=\"ort\" value=\"\" type=\"text\" \/><\/td>\n\t\t\t\t\t\t\t<\/tr>\n\n\t\t\t\t\t\t\t<tr>\n\t\t\t\t\t\t\t\t<td height=\"25\">Phone number<\/td>\n\t\t\t\t\t\t\t\t<td height=\"25\"><input name=\"tel\" id=\"tel\" value=\"\" type=\"text\" \/><\/td>\n\t\t\t\t\t\t\t<\/tr>\n\n\t\t\t\t\t\t\t<tr>\n\t\t\t\t\t\t\t\t<td height=\"25\">Email *<\/td>\n\t\t\t\t\t\t\t\t<td height=\"25\"><input name=\"email\" id=\"email\" value=\"\" type=\"text\" \/><\/td>\n\t\t\t\t\t\t\t<\/tr>\n\n\t\t\t\t\t\t<\/tbody>\n\t\t\t\t\t<\/table>\n\n\n\t\t\t\t\t<!-- ACTIVATION SECTION -->\n\t\t\t\t\t<table class=\"fliesstext aktivierung\" cellspacing=\"0\" cellpadding=\"0\" width=\"100%\" border=\"0\">\n\t\t\t\t\t  <tbody>\n\t\t\t\t\t\t<tr>\n\t\t\t\t\t\t  <td colspan=\"2\">\n\n\t\t\t\t\t\t\t  <table class=\"fliesstext\" cellspacing=\"0\" cellpadding=\"0\" width=\"100%\" border=\"0\">\n\t\t\t\t\t\t\t\t<tbody>\n\n\t\t\t\t\t\t\t\t  <tr>\n\t\t\t\t\t\t\t\t\t<td colspan=\"2\"><h4>pitCAD Activation Request<\/h4><\/td>\n\t\t\t\t\t\t\t\t  <\/tr>\n\n\t\t\t\t\t\t\t\t  <tr>\n\t\t\t\t\t\t\t\t\t<td width=\"250\">pitCAD Version *<\/td>\n\t\t\t\t\t\t\t\t\t<td>\n\t\t\t\t\t\t\t\t\t<select id=\"version\" name=\"version\">\n\t\t\t\t\t\t\t\t\t\t<option value=\"\">Please choose\u2026<\/option>\n\t\t\t\t\t\t\t\t\t\t\t<option  >pitCAD ULTIMATE 2026<\/option>\n\t\t\t\t\t\t\t\t\t\t\t<option  >pitCAD CLASSIC 2026<\/option>\n\t\t\t\t\t\t\t\t\t\t\t<option  >pitCAD ULTIMATE 2025<\/option>\n\t\t\t\t\t\t\t\t\t\t\t<option  >pitCAD CLASSIC 2025<\/option>\n\t\t\t\t\t\t\t\t\t\t\t<option  >pitCAD ULTIMATE 2024<\/option>\n\t\t\t\t\t\t\t\t\t\t\t<option  >pitCAD CLASSIC 2024<\/option>\n\t\t\t\t\t\t\t\t\t<\/select>\n\t\t\t\t\t\t\t\t\t<\/td>\n\t\t\t\t\t\t\t\t  <\/tr>\n\n\t\t\t\t\t\t\t\t  <tr>\n\t\t\t\t\t\t\t\t\t<td width=\"250\" valign=\"top\">Activation Request Code *<\/td>\n\t\t\t\t\t\t\t\t\t<td>\n\t\t\t\t\t\t\t\t\t\t<input name=\"pitcad_act\" type=\"text\" id=\"pitcad_act\" value=\"\" \/>\n\t\t\t\t\t\t\t\t\t\t<br>\n\t\t\t\t\t\t\t\t\t\t(Copy the code from your pitCAD application)\t\t\t\t\t\t\t\t\t<\/td>\n\t\t\t\t\t\t\t\t  <\/tr>\n\n\t\t\t\t\t\t\t\t<\/tbody>\n\t\t\t\t\t\t\t  <\/table>\n\n\t\t\t\t\t\t  <\/td>\n\t\t\t\t\t\t<\/tr>\n\t\t\t\t\t  <\/tbody>\n\t\t\t\t\t<\/table>\n\n\t\t\t\t\t<!-- NOTES -->\n\t\t\t\t\t<table class=\"fliesstext\" cellspacing=\"0\" cellpadding=\"0\" width=\"100%\" border=\"0\">\n\t\t\t\t\t\t<tbody>\n\t\t\t\t\t\t\t<tr>\n\t\t\t\t\t\t\t\t<td><center><h4>Notes<\/h4><\/center><\/td>\n\t\t\t\t\t\t\t<\/tr>\n\n\t\t\t\t\t\t\t<tr>\n\t\t\t\t\t\t\t\t<td><textarea name=\"info\" cols=\"47\" rows=\"10\" class=\"taField\" id=\"info\"><\/textarea><\/td>\n\t\t\t\t\t\t\t<\/tr>\n\n\t\t\t\t\t\t\t<tr>\n\t\t\t\t\t\t\t\t<td>\n\t\t\t\t\t\t\t\t\t<input type=\"checkbox\" id=\"dsgvo\" name=\"dsgvo\"> *\n\t\t\t\t\t\t\t\t\tI have read and accept the privacy policy.\t\t\t\t\t\t\t\t<\/td>\n\t\t\t\t\t\t\t<\/tr>\n\n\t\t\t\t\t\t\t<tr>\n\t\t\t\t\t\t\t\t<td>Fields marked (*) are required.<br><br><\/td>\n\t\t\t\t\t\t\t<\/tr>\n\n\t\t\t\t\t\t\t<tr>\n\t\t\t\t\t\t\t\t<td><input class=\"absenden\" type=\"submit\" name=\"Submit\" value=\"Activate\" \/><\/td>\n\t\t\t\t\t\t\t<\/tr>\n\t\t\t\t\t\t<\/tbody>\n\t\t\t\t\t<\/table>\n\t\t\t\t<\/td>\n\t\t\t\t<\/tr>\n\t\t\t\t<\/tbody>\n\t\t\t\t<\/table>\n\t\t\t\t<\/form>\n\t\t\t<\/div>\n\n\t\t\t<br \/>\n\n\t\t\t\t\t<div class=\"elementor-shortcode\"><\/div>\n\t\t\t\t\t\t<\/div>\n\t\t\t\t<\/div>\n\t\t\t\t\t<\/div>\n\t\t\t\t<\/div>\n\t\t<div class=\"elementor-element elementor-element-170e168 e-flex e-con-boxed e-con e-parent\" data-id=\"170e168\" data-element_type=\"container\" data-e-type=\"container\" data-settings=\"{&quot;background_background&quot;:&quot;classic&quot;}\">\n\t\t\t\t\t<div class=\"e-con-inner\">\n\t\t<div class=\"elementor-element elementor-element-0ea8b0d e-con-full e-flex e-con e-child\" data-id=\"0ea8b0d\" data-element_type=\"container\" data-e-type=\"container\" data-settings=\"{&quot;background_background&quot;:&quot;classic&quot;}\">\n\t\t<div class=\"elementor-element elementor-element-54594c7 e-con-full e-flex e-con e-child\" data-id=\"54594c7\" data-element_type=\"container\" data-e-type=\"container\" data-settings=\"{&quot;background_background&quot;:&quot;classic&quot;}\">\n\t\t<div class=\"elementor-element elementor-element-1608169 e-con-full e-flex e-con e-child\" data-id=\"1608169\" data-element_type=\"container\" data-e-type=\"container\">\n\t\t\t\t<div class=\"elementor-element elementor-element-d3e27d2 elementor-invisible elementor-widget elementor-widget-heading\" data-id=\"d3e27d2\" data-element_type=\"widget\" data-e-type=\"widget\" data-settings=\"{&quot;_animation&quot;:&quot;fadeInUp&quot;}\" data-widget_type=\"heading.default\">\n\t\t\t\t\t<h2 class=\"elementor-heading-title elementor-size-default\">Von der Planung bis zum laufenden Betrieb<\/h2>\t\t\t\t<\/div>\n\t\t\t\t<div class=\"elementor-element elementor-element-195c19b animated-slow elementor-invisible elementor-widget elementor-widget-heading\" data-id=\"195c19b\" data-element_type=\"widget\" data-e-type=\"widget\" data-settings=\"{&quot;_animation&quot;:&quot;fadeIn&quot;}\" data-widget_type=\"heading.default\">\n\t\t\t\t\t<h2 class=\"elementor-heading-title elementor-size-default\"><span style=\"color:#ff0000\">pitCAD<\/span> ULTIMATE\/CLASSIC<\/h2>\t\t\t\t<\/div>\n\t\t\t\t<\/div>\n\t\t<div class=\"elementor-element elementor-element-cb2b240 e-flex e-con-boxed elementor-invisible e-con e-child\" data-id=\"cb2b240\" data-element_type=\"container\" data-e-type=\"container\" data-settings=\"{&quot;animation&quot;:&quot;fadeIn&quot;}\">\n\t\t\t\t\t<div class=\"e-con-inner\">\n\t\t<div class=\"elementor-element elementor-element-00cf697 e-con-full e-flex elementor-invisible e-con e-child\" data-id=\"00cf697\" data-element_type=\"container\" data-e-type=\"container\" data-settings=\"{&quot;animation&quot;:&quot;fadeIn&quot;}\">\n\t\t\t\t<div class=\"elementor-element elementor-element-2e30e9f elementor-widget__width-initial elementor-invisible elementor-widget elementor-widget-text-editor\" data-id=\"2e30e9f\" data-element_type=\"widget\" data-e-type=\"widget\" data-settings=\"{&quot;_animation&quot;:&quot;fadeIn&quot;}\" data-widget_type=\"text-editor.default\">\n\t\t\t\t\t\t\t\t\tErfahren Sie hier alles Wissenswerte \u00fcber pitCAD Ultimate, unsere integrierte L\u00f6sung f\u00fcr Planung, Berechnung und Dokumentation technischer Geb\u00e4udeausr\u00fcstung. Auf der Produktseite finden Sie, Anwendungsbeispiele und weiterf\u00fchrende Materialien rund um unsere CAD- und BIM-L\u00f6sungen.\t\t\t\t\t\t\t\t<\/div>\n\t\t\t\t<div class=\"elementor-element elementor-element-af69b3d button-hover-effect elementor-align-right elementor-widget elementor-widget-button\" data-id=\"af69b3d\" data-element_type=\"widget\" data-e-type=\"widget\" data-widget_type=\"button.default\">\n\t\t\t\t\t\t\t\t\t\t<a class=\"elementor-button elementor-button-link elementor-size-sm\" href=\"https:\/\/pit.de\/en\/pitcad-ultimate-classic\/\">\n\t\t\t\t\t\t<span class=\"elementor-button-content-wrapper\">\n\t\t\t\t\t\t\t\t\t<span class=\"elementor-button-text\">Mehr Erfahren<\/span>\n\t\t\t\t\t<\/span>\n\t\t\t\t\t<\/a>\n\t\t\t\t\t\t\t\t<\/div>\n\t\t\t\t<\/div>\n\t\t\t\t\t<\/div>\n\t\t\t\t<\/div>\n\t\t\t\t<\/div>\n\t\t<div class=\"elementor-element elementor-element-97596d6 e-con-full e-flex e-con e-child\" data-id=\"97596d6\" data-element_type=\"container\" data-e-type=\"container\" data-settings=\"{&quot;background_background&quot;:&quot;classic&quot;}\">\n\t\t\t\t<\/div>\n\t\t\t\t<\/div>\n\t\t\t\t\t<\/div>\n\t\t\t\t<\/div>\n\t\t<div class=\"elementor-element elementor-element-fe32901 e-flex e-con-boxed e-con e-parent\" data-id=\"fe32901\" data-element_type=\"container\" data-e-type=\"container\" data-settings=\"{&quot;background_background&quot;:&quot;gradient&quot;}\">\n\t\t\t\t\t<div class=\"e-con-inner\">\n\t\t<div class=\"elementor-element elementor-element-a9da71a e-flex e-con-boxed e-con e-child\" data-id=\"a9da71a\" data-element_type=\"container\" data-e-type=\"container\" data-settings=\"{&quot;background_background&quot;:&quot;classic&quot;}\">\n\t\t\t\t\t<div class=\"e-con-inner\">\n\t\t<div class=\"elementor-element elementor-element-4d85f03 e-con-full e-flex e-con e-child\" data-id=\"4d85f03\" data-element_type=\"container\" data-e-type=\"container\" data-settings=\"{&quot;background_background&quot;:&quot;classic&quot;}\">\n\t\t<div class=\"elementor-element elementor-element-119fa7e e-con-full e-flex e-con e-child\" data-id=\"119fa7e\" data-element_type=\"container\" data-e-type=\"container\" data-settings=\"{&quot;background_background&quot;:&quot;classic&quot;,&quot;position&quot;:&quot;absolute&quot;}\">\n\t\t\t\t<div class=\"elementor-element elementor-element-05b5d6b elementor-widget elementor-widget-heading\" data-id=\"05b5d6b\" data-element_type=\"widget\" data-e-type=\"widget\" data-widget_type=\"heading.default\">\n\t\t\t\t\t<h2 class=\"elementor-heading-title elementor-size-default\">Offene Fragen?<\/h2>\t\t\t\t<\/div>\n\t\t\t\t<div class=\"elementor-element elementor-element-ce7442e elementor-widget__width-inherit elementor-widget elementor-widget-heading\" data-id=\"ce7442e\" data-element_type=\"widget\" data-e-type=\"widget\" data-widget_type=\"heading.default\">\n\t\t\t\t\t<h2 class=\"elementor-heading-title elementor-size-default\">Unser Support-Team unterst\u00fctzt Sie bei Installation, Aktivierung und Ihren Fragen rund um die CAD-Aktivierung. <\/h2>\t\t\t\t<\/div>\n\t\t\t\t<div class=\"elementor-element elementor-element-b938b2c button-hover-effect elementor-align-left elementor-widget elementor-widget-button\" data-id=\"b938b2c\" data-element_type=\"widget\" data-e-type=\"widget\" data-widget_type=\"button.default\">\n\t\t\t\t\t\t\t\t\t\t<a class=\"elementor-button elementor-button-link elementor-size-sm\" href=\"https:\/\/pit.de\/en\/support\/\">\n\t\t\t\t\t\t<span class=\"elementor-button-content-wrapper\">\n\t\t\t\t\t\t\t\t\t<span class=\"elementor-button-text\">SUPPORT<\/span>\n\t\t\t\t\t<\/span>\n\t\t\t\t\t<\/a>\n\t\t\t\t\t\t\t\t<\/div>\n\t\t\t\t<\/div>\n\t\t\t\t<\/div>\n\t\t\t\t\t<\/div>\n\t\t\t\t<\/div>\n\t\t\t\t\t<\/div>\n\t\t\t\t<\/div>\n\t\t\t\t<\/div>\n\t\t","protected":false},"excerpt":{"rendered":"<p>If you want to use pitCAD on a new computer or transfer the license, reactivation is necessary. After entering your data and the request code, you will receive the appropriate activation code by e-mail via the activation form.<\/p>","protected":false},"author":1,"featured_media":3167,"parent":0,"menu_order":44,"comment_status":"closed","ping_status":"closed","template":"","meta":{"footnotes":""},"class_list":["post-1695","page","type-page","status-publish","has-post-thumbnail","hentry"],"_links":{"self":[{"href":"https:\/\/pit.de\/en\/wp-json\/wp\/v2\/pages\/1695","targetHints":{"allow":["GET"]}}],"collection":[{"href":"https:\/\/pit.de\/en\/wp-json\/wp\/v2\/pages"}],"about":[{"href":"https:\/\/pit.de\/en\/wp-json\/wp\/v2\/types\/page"}],"author":[{"embeddable":true,"href":"https:\/\/pit.de\/en\/wp-json\/wp\/v2\/users\/1"}],"replies":[{"embeddable":true,"href":"https:\/\/pit.de\/en\/wp-json\/wp\/v2\/comments?post=1695"}],"version-history":[{"count":59,"href":"https:\/\/pit.de\/en\/wp-json\/wp\/v2\/pages\/1695\/revisions"}],"predecessor-version":[{"id":10416,"href":"https:\/\/pit.de\/en\/wp-json\/wp\/v2\/pages\/1695\/revisions\/10416"}],"wp:featuredmedia":[{"embeddable":true,"href":"https:\/\/pit.de\/en\/wp-json\/wp\/v2\/media\/3167"}],"wp:attachment":[{"href":"https:\/\/pit.de\/en\/wp-json\/wp\/v2\/media?parent=1695"}],"curies":[{"name":"wp","href":"https:\/\/api.w.org\/{rel}","templated":true}]}}